{"id":11208,"date":"2025-06-27T12:49:21","date_gmt":"2025-06-27T10:49:21","guid":{"rendered":"https:\/\/www.fehling.de\/accessibility\/"},"modified":"2025-09-25T13:45:42","modified_gmt":"2025-09-25T11:45:42","slug":"accessibility","status":"publish","type":"page","link":"https:\/\/www.fehling.de\/en\/accessibility\/","title":{"rendered":"Accessibility"},"content":{"rendered":"<div class=\"fusion-fullwidth fullwidth-box fusion-builder-row-1 fusion-flex-container nonhundred-percent-fullwidth non-hundred-percent-height-scrolling\" style=\"--awb-border-radius-top-left:0px;--awb-border-radius-top-right:0px;--awb-border-radius-bottom-right:0px;--awb-border-radius-bottom-left:0px;--awb-flex-wrap:wrap;\" ><div class=\"fusion-builder-row fusion-row fusion-flex-align-items-flex-start fusion-flex-content-wrap\" style=\"max-width:1248px;margin-left: calc(-4% \/ 2 );margin-right: calc(-4% \/ 2 );\"><div class=\"fusion-layout-column fusion_builder_column fusion-builder-column-0 fusion_builder_column_1_1 1_1 fusion-flex-column\" style=\"--awb-bg-size:cover;--awb-width-large:100%;--awb-margin-top-large:0px;--awb-spacing-right-large:1.92%;--awb-margin-bottom-large:20px;--awb-spacing-left-large:1.92%;--awb-width-medium:100%;--awb-order-medium:0;--awb-spacing-right-medium:1.92%;--awb-spacing-left-medium:1.92%;--awb-width-small:100%;--awb-order-small:0;--awb-spacing-right-small:1.92%;--awb-spacing-left-small:1.92%;\"><div class=\"fusion-column-wrapper fusion-column-has-shadow fusion-flex-justify-content-flex-start fusion-content-layout-column\"><div class=\"fusion-text fusion-text-1\"><h2>Accessibility Statement for Services<\/h2>\n<p>As part of our accessibility statement, we would like to provide an overview of the compliance status of the services described below with the accessibility requirements set out by legal regulations (in particular, the German Accessibility Enforcement Act \u2013 Barrierefreiheitsst\u00e4rkungsgesetz, BFSG).<\/p>\n<h3>Information about the Service Provider<\/h3>\n<p>Ernst Fehling GmbH &#038; Co. Metallwarenfabrik<br \/>Mendener Str. 1<br \/>58739 Wickede (Ruhr), Germany<\/p>\n<h3>General Description of the Service<\/h3>\n<p>Contact form and online shop available on our website www.fehling.de.<\/p>\n<h3>Details Regarding the Execution of the Service<\/h3>\n<p>Our website offers a contact form to get in touch with us. This form can also be used to submit job applications, subscribe to or unsubscribe from our newsletter.<br \/>Through our online shop, you can purchase items of your choice and have them delivered to your address.<\/p>\n<h3>Compliance Status with Accessibility Requirements<\/h3>\n<p>The above-mentioned services are fully compliant with the German Accessibility Enforcement Act (BFSG).<\/p>\n<h3>Creation of the Accessibility Statement<\/h3>\n<p>Date of creation of the accessibility statement: June 25, 2025<br \/>Date of the most recent review of the above-mentioned services for compliance with accessibility requirements: September 25, 2025<\/p>\n<h3>Assessment of Accessibility Status<\/h3>\n<p>The assessment of the accessibility status is based on our self-evaluation.<\/p>\n<h3>Feedback and Contact Information<\/h3>\n<p>Address:<br \/>Ernst Fehling GmbH &#038; Co. Metallwarenfabrik<br \/>Mendener Str. 1<br \/>58739 Wickede (Ruhr), Germany<\/p>\n<p>Email: info@fehling.de<br \/>Phone: +49 (0) 2377 2033<br \/>Website: <a href=\"https:\/\/www.fehling.de\/en\/\">https:\/\/www.fehling.de\/<\/a><\/p>\n<h3>Responsible market surveillance authority<\/h3>\n<p>Market monitoring body of the federal states for the accessibility of products and services (MLBF)<\/p>\n<p>Telephone: + 49 (0) 391 567 6970<br \/>Email: mlbf@ms.sachsen-anhalt.de<\/p>\n<p>Information about the current address of the MLBF can be found here:<\/p>\n<p><a href=\"https:\/\/ms.sachsen-anhalt.de\/themen\/menschen-mit-behinderungen\/aktuelles\/marktueberwachungsstelle-der-laender-fuer-die-barrierfreiheit-von-produkte-und-dienste\" target=\"_blank\">https:\/\/ms.sachsen-anhalt.de\/themen\/menschen-mit-behinderungen\/aktuelles\/marktueberwachungsstelle-der-laender-fuer-die-sperrfreiheit-von-produkte-und-dienste<\/a>.<\/p>\n<\/div><\/div><\/div><\/div><\/div>\n","protected":false},"excerpt":{"rendered":"","protected":false},"author":2206,"featured_media":0,"parent":0,"menu_order":30,"comment_status":"closed","ping_status":"closed","template":"","meta":{"_acf_changed":false,"footnotes":""},"class_list":["post-11208","page","type-page","status-publish","hentry"],"acf":[],"yoast_head":"<!-- This site is optimized with the Yoast SEO plugin v27.4 - https:\/\/yoast.com\/product\/yoast-seo-wordpress\/ -->\n<title>Accessibility - Fehling<\/title>\n<meta name=\"description\" content=\"Accessibility for Firma Ernst Fehling GmbH &amp; Co. Metallwarenfabrik.\" \/>\n<meta name=\"robots\" content=\"index, follow, max-snippet:-1, max-image-preview:large, max-video-preview:-1\" \/>\n<link rel=\"canonical\" href=\"https:\/\/www.fehling.de\/en\/accessibility\/\" \/>\n<meta property=\"og:locale\" content=\"en_US\" \/>\n<meta property=\"og:type\" content=\"article\" \/>\n<meta property=\"og:title\" content=\"Accessibility - Fehling\" \/>\n<meta property=\"og:description\" content=\"Accessibility for Firma Ernst Fehling GmbH &amp; Co. Metallwarenfabrik.\" \/>\n<meta property=\"og:url\" content=\"https:\/\/www.fehling.de\/en\/accessibility\/\" \/>\n<meta property=\"og:site_name\" content=\"Fehling\" \/>\n<meta property=\"article:modified_time\" content=\"2025-09-25T11:45:42+00:00\" \/>\n<meta name=\"twitter:card\" content=\"summary_large_image\" \/>\n<meta name=\"twitter:label1\" content=\"Est. reading time\" \/>\n\t<meta name=\"twitter:data1\" content=\"5 minutes\" \/>\n<script type=\"application\/ld+json\" class=\"yoast-schema-graph\">{\"@context\":\"https:\\\/\\\/schema.org\",\"@graph\":[{\"@type\":\"WebPage\",\"@id\":\"https:\\\/\\\/www.fehling.de\\\/en\\\/accessibility\\\/\",\"url\":\"https:\\\/\\\/www.fehling.de\\\/en\\\/accessibility\\\/\",\"name\":\"Accessibility - Fehling\",\"isPartOf\":{\"@id\":\"https:\\\/\\\/www.fehling.de\\\/en\\\/#website\"},\"datePublished\":\"2025-06-27T10:49:21+00:00\",\"dateModified\":\"2025-09-25T11:45:42+00:00\",\"description\":\"Accessibility for Firma Ernst Fehling GmbH & Co. Metallwarenfabrik.\",\"breadcrumb\":{\"@id\":\"https:\\\/\\\/www.fehling.de\\\/en\\\/accessibility\\\/#breadcrumb\"},\"inLanguage\":\"en-US\",\"potentialAction\":[{\"@type\":\"ReadAction\",\"target\":[\"https:\\\/\\\/www.fehling.de\\\/en\\\/accessibility\\\/\"]}]},{\"@type\":\"BreadcrumbList\",\"@id\":\"https:\\\/\\\/www.fehling.de\\\/en\\\/accessibility\\\/#breadcrumb\",\"itemListElement\":[{\"@type\":\"ListItem\",\"position\":1,\"name\":\"Home\",\"item\":\"https:\\\/\\\/www.fehling.de\\\/en\\\/\"},{\"@type\":\"ListItem\",\"position\":2,\"name\":\"Accessibility\"}]},{\"@type\":\"WebSite\",\"@id\":\"https:\\\/\\\/www.fehling.de\\\/en\\\/#website\",\"url\":\"https:\\\/\\\/www.fehling.de\\\/en\\\/\",\"name\":\"Fehling\",\"description\":\"Wir fertigen Motorradlenker, Schutzb\u00fcgel, Gep\u00e4ck- und Koffertr\u00e4ger, Motorradkoffer, R\u00fcckenst\u00fctzen (Sissy Bars), Packtaschenb\u00fcgel, Rearracks, K\u00fchlergrills und anderes Chromzubeh\u00f6r aus Stahlrohr\",\"publisher\":{\"@id\":\"https:\\\/\\\/www.fehling.de\\\/en\\\/#organization\"},\"potentialAction\":[{\"@type\":\"SearchAction\",\"target\":{\"@type\":\"EntryPoint\",\"urlTemplate\":\"https:\\\/\\\/www.fehling.de\\\/en\\\/?s={search_term_string}\"},\"query-input\":{\"@type\":\"PropertyValueSpecification\",\"valueRequired\":true,\"valueName\":\"search_term_string\"}}],\"inLanguage\":\"en-US\"},{\"@type\":\"Organization\",\"@id\":\"https:\\\/\\\/www.fehling.de\\\/en\\\/#organization\",\"name\":\"Fehling\",\"url\":\"https:\\\/\\\/www.fehling.de\\\/en\\\/\",\"logo\":{\"@type\":\"ImageObject\",\"inLanguage\":\"en-US\",\"@id\":\"https:\\\/\\\/www.fehling.de\\\/en\\\/#\\\/schema\\\/logo\\\/image\\\/\",\"url\":\"https:\\\/\\\/www.fehling.de\\\/wp-content\\\/uploads\\\/2021\\\/02\\\/fehling-logo.png\",\"contentUrl\":\"https:\\\/\\\/www.fehling.de\\\/wp-content\\\/uploads\\\/2021\\\/02\\\/fehling-logo.png\",\"width\":428,\"height\":69,\"caption\":\"Fehling\"},\"image\":{\"@id\":\"https:\\\/\\\/www.fehling.de\\\/en\\\/#\\\/schema\\\/logo\\\/image\\\/\"}}]}<\/script>\n<!-- \/ Yoast SEO plugin. -->","yoast_head_json":{"title":"Accessibility - Fehling","description":"Accessibility for Firma Ernst Fehling GmbH & Co. Metallwarenfabrik.","robots":{"index":"index","follow":"follow","max-snippet":"max-snippet:-1","max-image-preview":"max-image-preview:large","max-video-preview":"max-video-preview:-1"},"canonical":"https:\/\/www.fehling.de\/en\/accessibility\/","og_locale":"en_US","og_type":"article","og_title":"Accessibility - Fehling","og_description":"Accessibility for Firma Ernst Fehling GmbH & Co. Metallwarenfabrik.","og_url":"https:\/\/www.fehling.de\/en\/accessibility\/","og_site_name":"Fehling","article_modified_time":"2025-09-25T11:45:42+00:00","twitter_card":"summary_large_image","twitter_misc":{"Est. reading time":"5 minutes"},"schema":{"@context":"https:\/\/schema.org","@graph":[{"@type":"WebPage","@id":"https:\/\/www.fehling.de\/en\/accessibility\/","url":"https:\/\/www.fehling.de\/en\/accessibility\/","name":"Accessibility - Fehling","isPartOf":{"@id":"https:\/\/www.fehling.de\/en\/#website"},"datePublished":"2025-06-27T10:49:21+00:00","dateModified":"2025-09-25T11:45:42+00:00","description":"Accessibility for Firma Ernst Fehling GmbH & Co. Metallwarenfabrik.","breadcrumb":{"@id":"https:\/\/www.fehling.de\/en\/accessibility\/#breadcrumb"},"inLanguage":"en-US","potentialAction":[{"@type":"ReadAction","target":["https:\/\/www.fehling.de\/en\/accessibility\/"]}]},{"@type":"BreadcrumbList","@id":"https:\/\/www.fehling.de\/en\/accessibility\/#breadcrumb","itemListElement":[{"@type":"ListItem","position":1,"name":"Home","item":"https:\/\/www.fehling.de\/en\/"},{"@type":"ListItem","position":2,"name":"Accessibility"}]},{"@type":"WebSite","@id":"https:\/\/www.fehling.de\/en\/#website","url":"https:\/\/www.fehling.de\/en\/","name":"Fehling","description":"Wir fertigen Motorradlenker, Schutzb\u00fcgel, Gep\u00e4ck- und Koffertr\u00e4ger, Motorradkoffer, R\u00fcckenst\u00fctzen (Sissy Bars), Packtaschenb\u00fcgel, Rearracks, K\u00fchlergrills und anderes Chromzubeh\u00f6r aus Stahlrohr","publisher":{"@id":"https:\/\/www.fehling.de\/en\/#organization"},"potentialAction":[{"@type":"SearchAction","target":{"@type":"EntryPoint","urlTemplate":"https:\/\/www.fehling.de\/en\/?s={search_term_string}"},"query-input":{"@type":"PropertyValueSpecification","valueRequired":true,"valueName":"search_term_string"}}],"inLanguage":"en-US"},{"@type":"Organization","@id":"https:\/\/www.fehling.de\/en\/#organization","name":"Fehling","url":"https:\/\/www.fehling.de\/en\/","logo":{"@type":"ImageObject","inLanguage":"en-US","@id":"https:\/\/www.fehling.de\/en\/#\/schema\/logo\/image\/","url":"https:\/\/www.fehling.de\/wp-content\/uploads\/2021\/02\/fehling-logo.png","contentUrl":"https:\/\/www.fehling.de\/wp-content\/uploads\/2021\/02\/fehling-logo.png","width":428,"height":69,"caption":"Fehling"},"image":{"@id":"https:\/\/www.fehling.de\/en\/#\/schema\/logo\/image\/"}}]}},"_links":{"self":[{"href":"https:\/\/www.fehling.de\/en\/wp-json\/wp\/v2\/pages\/11208","targetHints":{"allow":["GET"]}}],"collection":[{"href":"https:\/\/www.fehling.de\/en\/wp-json\/wp\/v2\/pages"}],"about":[{"href":"https:\/\/www.fehling.de\/en\/wp-json\/wp\/v2\/types\/page"}],"author":[{"embeddable":true,"href":"https:\/\/www.fehling.de\/en\/wp-json\/wp\/v2\/users\/2206"}],"replies":[{"embeddable":true,"href":"https:\/\/www.fehling.de\/en\/wp-json\/wp\/v2\/comments?post=11208"}],"version-history":[{"count":6,"href":"https:\/\/www.fehling.de\/en\/wp-json\/wp\/v2\/pages\/11208\/revisions"}],"predecessor-version":[{"id":12449,"href":"https:\/\/www.fehling.de\/en\/wp-json\/wp\/v2\/pages\/11208\/revisions\/12449"}],"wp:attachment":[{"href":"https:\/\/www.fehling.de\/en\/wp-json\/wp\/v2\/media?parent=11208"}],"curies":[{"name":"wp","href":"https:\/\/api.w.org\/{rel}","templated":true}]}}