{"id":5619,"date":"2023-02-24T10:15:13","date_gmt":"2023-02-24T09:15:13","guid":{"rendered":"https:\/\/www.fehling.de\/the-company\/"},"modified":"2026-04-07T11:13:48","modified_gmt":"2026-04-07T09:13:48","slug":"the-company","status":"publish","type":"page","link":"https:\/\/www.fehling.de\/en\/the-company\/","title":{"rendered":"The Company"},"content":{"rendered":"<div class=\"fusion-fullwidth fullwidth-box fusion-builder-row-1 fusion-flex-container nonhundred-percent-fullwidth non-hundred-percent-height-scrolling\" style=\"--awb-border-radius-top-left:0px;--awb-border-radius-top-right:0px;--awb-border-radius-bottom-right:0px;--awb-border-radius-bottom-left:0px;--awb-flex-wrap:wrap;\" ><div class=\"fusion-builder-row fusion-row fusion-flex-align-items-flex-start fusion-flex-content-wrap\" style=\"max-width:1248px;margin-left: calc(-4% \/ 2 );margin-right: calc(-4% \/ 2 );\"><div class=\"fusion-layout-column fusion_builder_column fusion-builder-column-0 fusion_builder_column_2_3 2_3 fusion-flex-column\" style=\"--awb-bg-size:cover;--awb-width-large:66.6666666667%;--awb-margin-top-large:0px;--awb-spacing-right-large:2.88%;--awb-margin-bottom-large:20px;--awb-spacing-left-large:2.88%;--awb-width-medium:66.6666666667%;--awb-order-medium:0;--awb-spacing-right-medium:2.88%;--awb-spacing-left-medium:2.88%;--awb-width-small:100%;--awb-order-small:0;--awb-spacing-right-small:1.92%;--awb-spacing-left-small:1.92%;\"><div class=\"fusion-column-wrapper fusion-column-has-shadow fusion-flex-justify-content-flex-start fusion-content-layout-column\"><div class=\"fusion-text fusion-text-1\"><p>Our company was founded in 1945 and currently has 25 employees.<\/p>\n<p>We are working in metal processing &#8211; mainly in pipe bending and stamping &#8211; and are also dealing with development, manufacturing and distribution of<\/p>\n<ul>\n<li>motorcycle accessories<\/li>\n<li>metal processing<\/li>\n<li>electroplating<\/li>\n<\/ul>\n<p>The products can be our own developments as well as developments made by customer&#8217;s orders. Further on, even job-oriented assembly by reference to patterns or drawings.<\/p>\n<p>The distribution of motorcycle accessory is addressed to vendors and importers, the wholesale and retail sector and of course final consumers. All items are ordered in reference to our catalogue and are available from stock, as far as they are not build to order.<\/p>\n<p>The metal processing covers all other products, which we produce as a build to order. Produced items are nickel plated and chrome-plated in our in-house electroplating. Furthermore our company deals with chromium plating and nickel plating based on wagework.<\/p>\n<\/div><\/div><\/div><div class=\"fusion-layout-column fusion_builder_column fusion-builder-column-1 fusion_builder_column_1_3 1_3 fusion-flex-column\" style=\"--awb-padding-top:25px;--awb-padding-right:25px;--awb-padding-bottom:25px;--awb-padding-left:25px;--awb-bg-color:#e9f3f9;--awb-bg-color-hover:#e9f3f9;--awb-bg-size:cover;--awb-border-color:#0072bc;--awb-border-top:1px;--awb-border-right:1px;--awb-border-bottom:1px;--awb-border-left:1px;--awb-border-style:solid;--awb-width-large:33.3333333333%;--awb-margin-top-large:0px;--awb-spacing-right-large:5.76%;--awb-margin-bottom-large:20px;--awb-spacing-left-large:5.76%;--awb-width-medium:33.3333333333%;--awb-order-medium:0;--awb-spacing-right-medium:5.76%;--awb-spacing-left-medium:5.76%;--awb-width-small:100%;--awb-order-small:0;--awb-spacing-right-small:1.92%;--awb-spacing-left-small:1.92%;\"><div class=\"fusion-column-wrapper fusion-column-has-shadow fusion-flex-justify-content-flex-start fusion-content-layout-column\"><div class=\"fusion-text fusion-text-2\"><p><strong>Ernst Fehling GmbH &amp; Co.<\/strong><br \/>Metalworks factory<br \/>Mendener Str. 1<br \/>58739 Wickede (Ruhr)<br \/>Germany<\/p>\n<p>Phone: +49 (0) 2377 2033<br \/>Fax: +49 (0) 2377 1635<br \/>E-Mail: <a href=\"mailto:info@fehling.de\">info@fehling.de<\/a><br \/>Internet: <a href=\"https:\/\/www.fehling.de\/en\/\">https:\/\/www.fehling.de<\/a><\/p>\n<p><strong>Our opening times:<\/strong><br \/>Monday &#8211; Thursday<br \/>8:00 a.m. \u2013 3:45 p.m<br \/>Friday<br \/>8:00 a.m. \u2013 1:45 p.m<\/p>\n<p><a href=\"https:\/\/www.fehling.de\/en\/contact\/\">Approach<\/a><\/p>\n<p>Zertifikat mit Strassenverkehrsrecht<\/p>\n<\/div><div class=\"fusion-image-element \" style=\"--awb-max-width:250px;--awb-caption-title-font-family:var(--h2_typography-font-family);--awb-caption-title-font-weight:var(--h2_typography-font-weight);--awb-caption-title-font-style:var(--h2_typography-font-style);--awb-caption-title-size:var(--h2_typography-font-size);--awb-caption-title-transform:var(--h2_typography-text-transform);--awb-caption-title-line-height:var(--h2_typography-line-height);--awb-caption-title-letter-spacing:var(--h2_typography-letter-spacing);\"><span class=\" fusion-imageframe imageframe-none imageframe-1 hover-type-none\"><a class=\"fusion-no-lightbox\" href=\"https:\/\/www.fehling.de\/wp-content\/uploads\/2024\/08\/fehling-2024-qm-zertifikat-mit-strassenverkehrsrecht.pdf\" target=\"_blank\" aria-label=\"din-en-iso-9001-de-regular-rgb\" rel=\"noopener noreferrer\"><img decoding=\"async\" width=\"284\" height=\"284\" alt=\"Zertifikat DIN EN ISO 9001 von T\u00dcV NORD mit Logo und Website-URL.\" src=\"https:\/\/www.fehling.de\/wp-content\/uploads\/2020\/11\/din-en-iso-9001-de-regular-rgb.png\" data-orig-src=\"https:\/\/www.fehling.de\/wp-content\/uploads\/2020\/11\/din-en-iso-9001-de-regular-rgb.png\" class=\"lazyload img-responsive wp-image-8322\" srcset=\"data:image\/svg+xml,%3Csvg%20xmlns%3D%27http%3A%2F%2Fwww.w3.org%2F2000%2Fsvg%27%20width%3D%27284%27%20height%3D%27284%27%20viewBox%3D%270%200%20284%20284%27%3E%3Crect%20width%3D%27284%27%20height%3D%27284%27%20fill-opacity%3D%220%22%2F%3E%3C%2Fsvg%3E\" data-srcset=\"https:\/\/www.fehling.de\/wp-content\/uploads\/2020\/11\/din-en-iso-9001-de-regular-rgb-200x200.png 200w, https:\/\/www.fehling.de\/wp-content\/uploads\/2020\/11\/din-en-iso-9001-de-regular-rgb.png 284w\" data-sizes=\"auto\" data-orig-sizes=\"(max-width: 640px) 100vw, 284px\" \/><\/a><\/span><\/div><\/div><\/div><\/div><\/div>\n","protected":false},"excerpt":{"rendered":"","protected":false},"author":2206,"featured_media":0,"parent":0,"menu_order":10,"comment_status":"closed","ping_status":"closed","template":"","meta":{"_acf_changed":false,"footnotes":""},"class_list":["post-5619","page","type-page","status-publish","hentry"],"acf":[],"yoast_head":"<!-- This site is optimized with the Yoast SEO plugin v27.4 - https:\/\/yoast.com\/product\/yoast-seo-wordpress\/ -->\n<title>The Company - Fehling<\/title>\n<meta name=\"description\" content=\"Metal processing \u2705 Pipe bending &amp; punching technology \u2705 Development, production &amp; distribution of motorcycle accessories, metal processing, electroplating\" \/>\n<meta name=\"robots\" content=\"index, follow, max-snippet:-1, max-image-preview:large, max-video-preview:-1\" \/>\n<link rel=\"canonical\" href=\"https:\/\/www.fehling.de\/en\/the-company\/\" \/>\n<meta property=\"og:locale\" content=\"en_US\" \/>\n<meta property=\"og:type\" content=\"article\" \/>\n<meta property=\"og:title\" content=\"Metallverarbeitung: Rohrbiegetechnik, Stanztechnik &amp; Motorradzubeh\u00f6r\" \/>\n<meta property=\"og:description\" content=\"Hochwertige Metallverarbeitung und Motorradzubeh\u00f6r entdecken. Jetzt informieren und Vorteile sichern!\" \/>\n<meta property=\"og:url\" content=\"https:\/\/www.fehling.de\/en\/the-company\/\" \/>\n<meta property=\"og:site_name\" content=\"Fehling\" \/>\n<meta property=\"article:modified_time\" content=\"2026-04-07T09:13:48+00:00\" \/>\n<meta name=\"twitter:card\" content=\"summary_large_image\" \/>\n<meta name=\"twitter:title\" content=\"Rohrbiegetechnik &amp; Stanztechnik f\u00fcr Motorradzubeh\u00f6r | Fehling\" \/>\n<meta name=\"twitter:description\" content=\"Jetzt Motorradzubeh\u00f6r aus Metallverarbeitung entdecken. Informieren Sie sich online!\" \/>\n<meta name=\"twitter:label1\" content=\"Est. reading time\" \/>\n\t<meta name=\"twitter:data1\" content=\"7 minutes\" \/>\n<script type=\"application\/ld+json\" class=\"yoast-schema-graph\">{\"@context\":\"https:\\\/\\\/schema.org\",\"@graph\":[{\"@type\":\"WebPage\",\"@id\":\"https:\\\/\\\/www.fehling.de\\\/en\\\/the-company\\\/\",\"url\":\"https:\\\/\\\/www.fehling.de\\\/en\\\/the-company\\\/\",\"name\":\"The Company - Fehling\",\"isPartOf\":{\"@id\":\"https:\\\/\\\/www.fehling.de\\\/en\\\/#website\"},\"datePublished\":\"2023-02-24T09:15:13+00:00\",\"dateModified\":\"2026-04-07T09:13:48+00:00\",\"description\":\"Metal processing \u2705 Pipe bending & punching technology \u2705 Development, production & distribution of motorcycle accessories, metal processing, electroplating\",\"breadcrumb\":{\"@id\":\"https:\\\/\\\/www.fehling.de\\\/en\\\/the-company\\\/#breadcrumb\"},\"inLanguage\":\"en-US\",\"potentialAction\":[{\"@type\":\"ReadAction\",\"target\":[\"https:\\\/\\\/www.fehling.de\\\/en\\\/the-company\\\/\"]}]},{\"@type\":\"BreadcrumbList\",\"@id\":\"https:\\\/\\\/www.fehling.de\\\/en\\\/the-company\\\/#breadcrumb\",\"itemListElement\":[{\"@type\":\"ListItem\",\"position\":1,\"name\":\"Home\",\"item\":\"https:\\\/\\\/www.fehling.de\\\/en\\\/\"},{\"@type\":\"ListItem\",\"position\":2,\"name\":\"The Company\"}]},{\"@type\":\"WebSite\",\"@id\":\"https:\\\/\\\/www.fehling.de\\\/en\\\/#website\",\"url\":\"https:\\\/\\\/www.fehling.de\\\/en\\\/\",\"name\":\"Fehling\",\"description\":\"Wir fertigen Motorradlenker, Schutzb\u00fcgel, Gep\u00e4ck- und Koffertr\u00e4ger, Motorradkoffer, R\u00fcckenst\u00fctzen (Sissy Bars), Packtaschenb\u00fcgel, Rearracks, K\u00fchlergrills und anderes Chromzubeh\u00f6r aus Stahlrohr\",\"publisher\":{\"@id\":\"https:\\\/\\\/www.fehling.de\\\/en\\\/#organization\"},\"potentialAction\":[{\"@type\":\"SearchAction\",\"target\":{\"@type\":\"EntryPoint\",\"urlTemplate\":\"https:\\\/\\\/www.fehling.de\\\/en\\\/?s={search_term_string}\"},\"query-input\":{\"@type\":\"PropertyValueSpecification\",\"valueRequired\":true,\"valueName\":\"search_term_string\"}}],\"inLanguage\":\"en-US\"},{\"@type\":\"Organization\",\"@id\":\"https:\\\/\\\/www.fehling.de\\\/en\\\/#organization\",\"name\":\"Fehling\",\"url\":\"https:\\\/\\\/www.fehling.de\\\/en\\\/\",\"logo\":{\"@type\":\"ImageObject\",\"inLanguage\":\"en-US\",\"@id\":\"https:\\\/\\\/www.fehling.de\\\/en\\\/#\\\/schema\\\/logo\\\/image\\\/\",\"url\":\"https:\\\/\\\/www.fehling.de\\\/wp-content\\\/uploads\\\/2021\\\/02\\\/fehling-logo.png\",\"contentUrl\":\"https:\\\/\\\/www.fehling.de\\\/wp-content\\\/uploads\\\/2021\\\/02\\\/fehling-logo.png\",\"width\":428,\"height\":69,\"caption\":\"Fehling\"},\"image\":{\"@id\":\"https:\\\/\\\/www.fehling.de\\\/en\\\/#\\\/schema\\\/logo\\\/image\\\/\"}}]}<\/script>\n<!-- \/ Yoast SEO plugin. -->","yoast_head_json":{"title":"The Company - Fehling","description":"Metal processing \u2705 Pipe bending & punching technology \u2705 Development, production & distribution of motorcycle accessories, metal processing, electroplating","robots":{"index":"index","follow":"follow","max-snippet":"max-snippet:-1","max-image-preview":"max-image-preview:large","max-video-preview":"max-video-preview:-1"},"canonical":"https:\/\/www.fehling.de\/en\/the-company\/","og_locale":"en_US","og_type":"article","og_title":"Metallverarbeitung: Rohrbiegetechnik, Stanztechnik & Motorradzubeh\u00f6r","og_description":"Hochwertige Metallverarbeitung und Motorradzubeh\u00f6r entdecken. Jetzt informieren und Vorteile sichern!","og_url":"https:\/\/www.fehling.de\/en\/the-company\/","og_site_name":"Fehling","article_modified_time":"2026-04-07T09:13:48+00:00","twitter_card":"summary_large_image","twitter_title":"Rohrbiegetechnik & Stanztechnik f\u00fcr Motorradzubeh\u00f6r | Fehling","twitter_description":"Jetzt Motorradzubeh\u00f6r aus Metallverarbeitung entdecken. Informieren Sie sich online!","twitter_misc":{"Est. reading time":"7 minutes"},"schema":{"@context":"https:\/\/schema.org","@graph":[{"@type":"WebPage","@id":"https:\/\/www.fehling.de\/en\/the-company\/","url":"https:\/\/www.fehling.de\/en\/the-company\/","name":"The Company - Fehling","isPartOf":{"@id":"https:\/\/www.fehling.de\/en\/#website"},"datePublished":"2023-02-24T09:15:13+00:00","dateModified":"2026-04-07T09:13:48+00:00","description":"Metal processing \u2705 Pipe bending & punching technology \u2705 Development, production & distribution of motorcycle accessories, metal processing, electroplating","breadcrumb":{"@id":"https:\/\/www.fehling.de\/en\/the-company\/#breadcrumb"},"inLanguage":"en-US","potentialAction":[{"@type":"ReadAction","target":["https:\/\/www.fehling.de\/en\/the-company\/"]}]},{"@type":"BreadcrumbList","@id":"https:\/\/www.fehling.de\/en\/the-company\/#breadcrumb","itemListElement":[{"@type":"ListItem","position":1,"name":"Home","item":"https:\/\/www.fehling.de\/en\/"},{"@type":"ListItem","position":2,"name":"The Company"}]},{"@type":"WebSite","@id":"https:\/\/www.fehling.de\/en\/#website","url":"https:\/\/www.fehling.de\/en\/","name":"Fehling","description":"Wir fertigen Motorradlenker, Schutzb\u00fcgel, Gep\u00e4ck- und Koffertr\u00e4ger, Motorradkoffer, R\u00fcckenst\u00fctzen (Sissy Bars), Packtaschenb\u00fcgel, Rearracks, K\u00fchlergrills und anderes Chromzubeh\u00f6r aus Stahlrohr","publisher":{"@id":"https:\/\/www.fehling.de\/en\/#organization"},"potentialAction":[{"@type":"SearchAction","target":{"@type":"EntryPoint","urlTemplate":"https:\/\/www.fehling.de\/en\/?s={search_term_string}"},"query-input":{"@type":"PropertyValueSpecification","valueRequired":true,"valueName":"search_term_string"}}],"inLanguage":"en-US"},{"@type":"Organization","@id":"https:\/\/www.fehling.de\/en\/#organization","name":"Fehling","url":"https:\/\/www.fehling.de\/en\/","logo":{"@type":"ImageObject","inLanguage":"en-US","@id":"https:\/\/www.fehling.de\/en\/#\/schema\/logo\/image\/","url":"https:\/\/www.fehling.de\/wp-content\/uploads\/2021\/02\/fehling-logo.png","contentUrl":"https:\/\/www.fehling.de\/wp-content\/uploads\/2021\/02\/fehling-logo.png","width":428,"height":69,"caption":"Fehling"},"image":{"@id":"https:\/\/www.fehling.de\/en\/#\/schema\/logo\/image\/"}}]}},"_links":{"self":[{"href":"https:\/\/www.fehling.de\/en\/wp-json\/wp\/v2\/pages\/5619","targetHints":{"allow":["GET"]}}],"collection":[{"href":"https:\/\/www.fehling.de\/en\/wp-json\/wp\/v2\/pages"}],"about":[{"href":"https:\/\/www.fehling.de\/en\/wp-json\/wp\/v2\/types\/page"}],"author":[{"embeddable":true,"href":"https:\/\/www.fehling.de\/en\/wp-json\/wp\/v2\/users\/2206"}],"replies":[{"embeddable":true,"href":"https:\/\/www.fehling.de\/en\/wp-json\/wp\/v2\/comments?post=5619"}],"version-history":[{"count":23,"href":"https:\/\/www.fehling.de\/en\/wp-json\/wp\/v2\/pages\/5619\/revisions"}],"predecessor-version":[{"id":13944,"href":"https:\/\/www.fehling.de\/en\/wp-json\/wp\/v2\/pages\/5619\/revisions\/13944"}],"wp:attachment":[{"href":"https:\/\/www.fehling.de\/en\/wp-json\/wp\/v2\/media?parent=5619"}],"curies":[{"name":"wp","href":"https:\/\/api.w.org\/{rel}","templated":true}]}}