{"id":5639,"date":"2023-02-24T10:51:09","date_gmt":"2023-02-24T09:51:09","guid":{"rendered":"https:\/\/www.fehling.de\/conditions\/"},"modified":"2024-12-02T11:46:36","modified_gmt":"2024-12-02T10:46:36","slug":"conditions","status":"publish","type":"page","link":"https:\/\/www.fehling.de\/en\/conditions\/","title":{"rendered":"Conditions"},"content":{"rendered":"<div class=\"fusion-fullwidth fullwidth-box fusion-builder-row-1 fusion-flex-container nonhundred-percent-fullwidth non-hundred-percent-height-scrolling\" style=\"--awb-border-radius-top-left:0px;--awb-border-radius-top-right:0px;--awb-border-radius-bottom-right:0px;--awb-border-radius-bottom-left:0px;--awb-padding-top:120px;--awb-padding-bottom:120px;--awb-flex-wrap:wrap;\" ><div class=\"fusion-builder-row fusion-row fusion-flex-align-items-flex-start fusion-flex-content-wrap\" style=\"max-width:1248px;margin-left: calc(-4% \/ 2 );margin-right: calc(-4% \/ 2 );\"><div class=\"fusion-layout-column fusion_builder_column fusion-builder-column-0 fusion_builder_column_1_1 1_1 fusion-flex-column\" style=\"--awb-bg-size:cover;--awb-width-large:100%;--awb-margin-top-large:0px;--awb-spacing-right-large:1.92%;--awb-margin-bottom-large:20px;--awb-spacing-left-large:1.92%;--awb-width-medium:100%;--awb-order-medium:0;--awb-spacing-right-medium:1.92%;--awb-spacing-left-medium:1.92%;--awb-width-small:100%;--awb-order-small:0;--awb-spacing-right-small:1.92%;--awb-spacing-left-small:1.92%;\"><div class=\"fusion-column-wrapper fusion-column-has-shadow fusion-flex-justify-content-flex-start fusion-content-layout-column\"><div class=\"fusion-text fusion-text-1\"><p>The statutory provisions (BGB) apply to the sale.<\/p>\n<p>For private individuals: Note the <a href=\"https:\/\/www.fehling.de\/en\/right-of-withdrawal\/\">cancellation policy<\/a>.<\/p>\n<\/div><\/div><\/div><\/div><\/div>\n","protected":false},"excerpt":{"rendered":"","protected":false},"author":2206,"featured_media":0,"parent":0,"menu_order":130,"comment_status":"closed","ping_status":"closed","template":"100-width.php","meta":{"_acf_changed":false,"footnotes":""},"class_list":["post-5639","page","type-page","status-publish","hentry"],"acf":[],"yoast_head":"<!-- This site is optimized with the Yoast SEO plugin v27.3 - https:\/\/yoast.com\/product\/yoast-seo-wordpress\/ -->\n<title>Conditions - Fehling<\/title>\n<meta name=\"description\" content=\"Find out about our general terms and conditions.\" \/>\n<meta name=\"robots\" content=\"index, follow, max-snippet:-1, max-image-preview:large, max-video-preview:-1\" \/>\n<link rel=\"canonical\" href=\"https:\/\/www.fehling.de\/en\/conditions\/\" \/>\n<meta property=\"og:locale\" content=\"en_US\" \/>\n<meta property=\"og:type\" content=\"article\" \/>\n<meta property=\"og:title\" content=\"Conditions - Fehling\" \/>\n<meta property=\"og:description\" content=\"Find out about our general terms and conditions.\" \/>\n<meta property=\"og:url\" content=\"https:\/\/www.fehling.de\/en\/conditions\/\" \/>\n<meta property=\"og:site_name\" content=\"Fehling\" \/>\n<meta property=\"article:modified_time\" content=\"2024-12-02T10:46:36+00:00\" \/>\n<meta name=\"twitter:card\" content=\"summary_large_image\" \/>\n<meta name=\"twitter:label1\" content=\"Est. reading time\" \/>\n\t<meta name=\"twitter:data1\" content=\"2 minutes\" \/>\n<script type=\"application\/ld+json\" class=\"yoast-schema-graph\">{\"@context\":\"https:\\\/\\\/schema.org\",\"@graph\":[{\"@type\":\"WebPage\",\"@id\":\"https:\\\/\\\/www.fehling.de\\\/en\\\/conditions\\\/\",\"url\":\"https:\\\/\\\/www.fehling.de\\\/en\\\/conditions\\\/\",\"name\":\"Conditions - Fehling\",\"isPartOf\":{\"@id\":\"https:\\\/\\\/www.fehling.de\\\/en\\\/#website\"},\"datePublished\":\"2023-02-24T09:51:09+00:00\",\"dateModified\":\"2024-12-02T10:46:36+00:00\",\"description\":\"Find out about our general terms and conditions.\",\"breadcrumb\":{\"@id\":\"https:\\\/\\\/www.fehling.de\\\/en\\\/conditions\\\/#breadcrumb\"},\"inLanguage\":\"en-US\",\"potentialAction\":[{\"@type\":\"ReadAction\",\"target\":[\"https:\\\/\\\/www.fehling.de\\\/en\\\/conditions\\\/\"]}]},{\"@type\":\"BreadcrumbList\",\"@id\":\"https:\\\/\\\/www.fehling.de\\\/en\\\/conditions\\\/#breadcrumb\",\"itemListElement\":[{\"@type\":\"ListItem\",\"position\":1,\"name\":\"Home\",\"item\":\"https:\\\/\\\/www.fehling.de\\\/en\\\/\"},{\"@type\":\"ListItem\",\"position\":2,\"name\":\"Conditions\"}]},{\"@type\":\"WebSite\",\"@id\":\"https:\\\/\\\/www.fehling.de\\\/en\\\/#website\",\"url\":\"https:\\\/\\\/www.fehling.de\\\/en\\\/\",\"name\":\"Fehling\",\"description\":\"Wir fertigen Motorradlenker, Schutzb\u00fcgel, Gep\u00e4ck- und Koffertr\u00e4ger, Motorradkoffer, R\u00fcckenst\u00fctzen (Sissy Bars), Packtaschenb\u00fcgel, Rearracks, K\u00fchlergrills und anderes Chromzubeh\u00f6r aus Stahlrohr\",\"publisher\":{\"@id\":\"https:\\\/\\\/www.fehling.de\\\/en\\\/#organization\"},\"potentialAction\":[{\"@type\":\"SearchAction\",\"target\":{\"@type\":\"EntryPoint\",\"urlTemplate\":\"https:\\\/\\\/www.fehling.de\\\/en\\\/?s={search_term_string}\"},\"query-input\":{\"@type\":\"PropertyValueSpecification\",\"valueRequired\":true,\"valueName\":\"search_term_string\"}}],\"inLanguage\":\"en-US\"},{\"@type\":\"Organization\",\"@id\":\"https:\\\/\\\/www.fehling.de\\\/en\\\/#organization\",\"name\":\"Fehling\",\"url\":\"https:\\\/\\\/www.fehling.de\\\/en\\\/\",\"logo\":{\"@type\":\"ImageObject\",\"inLanguage\":\"en-US\",\"@id\":\"https:\\\/\\\/www.fehling.de\\\/en\\\/#\\\/schema\\\/logo\\\/image\\\/\",\"url\":\"https:\\\/\\\/www.fehling.de\\\/wp-content\\\/uploads\\\/2021\\\/02\\\/fehling-logo.png\",\"contentUrl\":\"https:\\\/\\\/www.fehling.de\\\/wp-content\\\/uploads\\\/2021\\\/02\\\/fehling-logo.png\",\"width\":428,\"height\":69,\"caption\":\"Fehling\"},\"image\":{\"@id\":\"https:\\\/\\\/www.fehling.de\\\/en\\\/#\\\/schema\\\/logo\\\/image\\\/\"}}]}<\/script>\n<!-- \/ Yoast SEO plugin. -->","yoast_head_json":{"title":"Conditions - Fehling","description":"Find out about our general terms and conditions.","robots":{"index":"index","follow":"follow","max-snippet":"max-snippet:-1","max-image-preview":"max-image-preview:large","max-video-preview":"max-video-preview:-1"},"canonical":"https:\/\/www.fehling.de\/en\/conditions\/","og_locale":"en_US","og_type":"article","og_title":"Conditions - Fehling","og_description":"Find out about our general terms and conditions.","og_url":"https:\/\/www.fehling.de\/en\/conditions\/","og_site_name":"Fehling","article_modified_time":"2024-12-02T10:46:36+00:00","twitter_card":"summary_large_image","twitter_misc":{"Est. reading time":"2 minutes"},"schema":{"@context":"https:\/\/schema.org","@graph":[{"@type":"WebPage","@id":"https:\/\/www.fehling.de\/en\/conditions\/","url":"https:\/\/www.fehling.de\/en\/conditions\/","name":"Conditions - Fehling","isPartOf":{"@id":"https:\/\/www.fehling.de\/en\/#website"},"datePublished":"2023-02-24T09:51:09+00:00","dateModified":"2024-12-02T10:46:36+00:00","description":"Find out about our general terms and conditions.","breadcrumb":{"@id":"https:\/\/www.fehling.de\/en\/conditions\/#breadcrumb"},"inLanguage":"en-US","potentialAction":[{"@type":"ReadAction","target":["https:\/\/www.fehling.de\/en\/conditions\/"]}]},{"@type":"BreadcrumbList","@id":"https:\/\/www.fehling.de\/en\/conditions\/#breadcrumb","itemListElement":[{"@type":"ListItem","position":1,"name":"Home","item":"https:\/\/www.fehling.de\/en\/"},{"@type":"ListItem","position":2,"name":"Conditions"}]},{"@type":"WebSite","@id":"https:\/\/www.fehling.de\/en\/#website","url":"https:\/\/www.fehling.de\/en\/","name":"Fehling","description":"Wir fertigen Motorradlenker, Schutzb\u00fcgel, Gep\u00e4ck- und Koffertr\u00e4ger, Motorradkoffer, R\u00fcckenst\u00fctzen (Sissy Bars), Packtaschenb\u00fcgel, Rearracks, K\u00fchlergrills und anderes Chromzubeh\u00f6r aus Stahlrohr","publisher":{"@id":"https:\/\/www.fehling.de\/en\/#organization"},"potentialAction":[{"@type":"SearchAction","target":{"@type":"EntryPoint","urlTemplate":"https:\/\/www.fehling.de\/en\/?s={search_term_string}"},"query-input":{"@type":"PropertyValueSpecification","valueRequired":true,"valueName":"search_term_string"}}],"inLanguage":"en-US"},{"@type":"Organization","@id":"https:\/\/www.fehling.de\/en\/#organization","name":"Fehling","url":"https:\/\/www.fehling.de\/en\/","logo":{"@type":"ImageObject","inLanguage":"en-US","@id":"https:\/\/www.fehling.de\/en\/#\/schema\/logo\/image\/","url":"https:\/\/www.fehling.de\/wp-content\/uploads\/2021\/02\/fehling-logo.png","contentUrl":"https:\/\/www.fehling.de\/wp-content\/uploads\/2021\/02\/fehling-logo.png","width":428,"height":69,"caption":"Fehling"},"image":{"@id":"https:\/\/www.fehling.de\/en\/#\/schema\/logo\/image\/"}}]}},"_links":{"self":[{"href":"https:\/\/www.fehling.de\/en\/wp-json\/wp\/v2\/pages\/5639","targetHints":{"allow":["GET"]}}],"collection":[{"href":"https:\/\/www.fehling.de\/en\/wp-json\/wp\/v2\/pages"}],"about":[{"href":"https:\/\/www.fehling.de\/en\/wp-json\/wp\/v2\/types\/page"}],"author":[{"embeddable":true,"href":"https:\/\/www.fehling.de\/en\/wp-json\/wp\/v2\/users\/2206"}],"replies":[{"embeddable":true,"href":"https:\/\/www.fehling.de\/en\/wp-json\/wp\/v2\/comments?post=5639"}],"version-history":[{"count":4,"href":"https:\/\/www.fehling.de\/en\/wp-json\/wp\/v2\/pages\/5639\/revisions"}],"predecessor-version":[{"id":8911,"href":"https:\/\/www.fehling.de\/en\/wp-json\/wp\/v2\/pages\/5639\/revisions\/8911"}],"wp:attachment":[{"href":"https:\/\/www.fehling.de\/en\/wp-json\/wp\/v2\/media?parent=5639"}],"curies":[{"name":"wp","href":"https:\/\/api.w.org\/{rel}","templated":true}]}}