{"id":5662,"date":"2023-02-24T13:21:47","date_gmt":"2023-02-24T12:21:47","guid":{"rendered":"https:\/\/www.fehling.de\/cart\/"},"modified":"2024-12-02T10:49:52","modified_gmt":"2024-12-02T09:49:52","slug":"cart","status":"publish","type":"page","link":"https:\/\/www.fehling.de\/en\/cart\/","title":{"rendered":"Cart"},"content":{"rendered":"<div class=\"fusion-fullwidth fullwidth-box fusion-builder-row-1 fusion-flex-container has-pattern-background has-mask-background nonhundred-percent-fullwidth non-hundred-percent-height-scrolling\" style=\"--awb-border-radius-top-left:0px;--awb-border-radius-top-right:0px;--awb-border-radius-bottom-right:0px;--awb-border-radius-bottom-left:0px;--awb-flex-wrap:wrap;\" ><div class=\"fusion-builder-row fusion-row fusion-flex-align-items-flex-start fusion-flex-content-wrap\" style=\"max-width:1248px;margin-left: calc(-4% \/ 2 );margin-right: calc(-4% \/ 2 );\"><div class=\"fusion-layout-column fusion_builder_column fusion-builder-column-0 fusion_builder_column_1_1 1_1 fusion-flex-column\" style=\"--awb-bg-size:cover;--awb-width-large:100%;--awb-margin-top-large:0px;--awb-spacing-right-large:1.92%;--awb-margin-bottom-large:20px;--awb-spacing-left-large:1.92%;--awb-width-medium:100%;--awb-order-medium:0;--awb-spacing-right-medium:1.92%;--awb-spacing-left-medium:1.92%;--awb-width-small:100%;--awb-order-small:0;--awb-spacing-right-small:1.92%;--awb-spacing-left-small:1.92%;\"><div class=\"fusion-column-wrapper fusion-column-has-shadow fusion-flex-justify-content-flex-start fusion-content-layout-column\"><div class=\"fusion-text fusion-text-1\">\n<\/div><\/div><\/div><div class=\"fusion-layout-column fusion_builder_column fusion-builder-column-1 fusion_builder_column_1_1 1_1 fusion-flex-column\" style=\"--awb-padding-top:10px;--awb-padding-right:30px;--awb-padding-bottom:10px;--awb-padding-left:30px;--awb-bg-color:#ffeaeb;--awb-bg-color-hover:#ffeaeb;--awb-bg-size:cover;--awb-border-color:var(--awb-color7);--awb-border-top:1px;--awb-border-right:1px;--awb-border-bottom:1px;--awb-border-left:1px;--awb-border-style:solid;--awb-width-large:100%;--awb-margin-top-large:0px;--awb-spacing-right-large:1.92%;--awb-margin-bottom-large:20px;--awb-spacing-left-large:1.92%;--awb-width-medium:100%;--awb-order-medium:0;--awb-spacing-right-medium:1.92%;--awb-spacing-left-medium:1.92%;--awb-width-small:100%;--awb-order-small:0;--awb-spacing-right-small:1.92%;--awb-spacing-left-small:1.92%;\" data-scroll-devices=\"small-visibility,medium-visibility,large-visibility\"><div class=\"fusion-column-wrapper fusion-column-has-shadow fusion-flex-justify-content-flex-start fusion-content-layout-column\"><div class=\"fusion-text fusion-text-2\"><p><strong>Belgium and the Czech Republic<\/strong><br \/>\nSales only through our exclusive importer: <a href=\"https:\/\/www.fehling.de\/en\/importers\/\">Importer list<\/a>.<\/p>\n<\/div><\/div><\/div><\/div><\/div>\n","protected":false},"excerpt":{"rendered":"","protected":false},"author":2206,"featured_media":0,"parent":0,"menu_order":0,"comment_status":"closed","ping_status":"closed","template":"","meta":{"_acf_changed":false,"footnotes":""},"class_list":["post-5662","page","type-page","status-publish","hentry"],"acf":[],"yoast_head":"<!-- This site is optimized with the Yoast SEO plugin v27.3 - https:\/\/yoast.com\/product\/yoast-seo-wordpress\/ -->\n<title>Cart - Fehling<\/title>\n<meta name=\"description\" content=\"Simply put the items you want in your shopping cart and pay at checkout. \u2705 Shop conveniently online!\" \/>\n<meta name=\"robots\" content=\"index, follow, max-snippet:-1, max-image-preview:large, max-video-preview:-1\" \/>\n<link rel=\"canonical\" href=\"https:\/\/www.fehling.de\/en\/cart\/\" \/>\n<meta property=\"og:locale\" content=\"en_US\" \/>\n<meta property=\"og:type\" content=\"article\" \/>\n<meta property=\"og:title\" content=\"Cart - Fehling\" \/>\n<meta property=\"og:description\" content=\"Simply put the items you want in your shopping cart and pay at checkout. \u2705 Shop conveniently online!\" \/>\n<meta property=\"og:url\" content=\"https:\/\/www.fehling.de\/en\/cart\/\" \/>\n<meta property=\"og:site_name\" content=\"Fehling\" \/>\n<meta property=\"article:modified_time\" content=\"2024-12-02T09:49:52+00:00\" \/>\n<meta name=\"twitter:card\" content=\"summary_large_image\" \/>\n<meta name=\"twitter:label1\" content=\"Est. reading time\" \/>\n\t<meta name=\"twitter:data1\" content=\"7 minutes\" \/>\n<script type=\"application\/ld+json\" class=\"yoast-schema-graph\">{\"@context\":\"https:\\\/\\\/schema.org\",\"@graph\":[{\"@type\":\"WebPage\",\"@id\":\"https:\\\/\\\/www.fehling.de\\\/en\\\/cart\\\/\",\"url\":\"https:\\\/\\\/www.fehling.de\\\/en\\\/cart\\\/\",\"name\":\"Cart - Fehling\",\"isPartOf\":{\"@id\":\"https:\\\/\\\/www.fehling.de\\\/en\\\/#website\"},\"datePublished\":\"2023-02-24T12:21:47+00:00\",\"dateModified\":\"2024-12-02T09:49:52+00:00\",\"description\":\"Simply put the items you want in your shopping cart and pay at checkout. \u2705 Shop conveniently online!\",\"breadcrumb\":{\"@id\":\"https:\\\/\\\/www.fehling.de\\\/en\\\/cart\\\/#breadcrumb\"},\"inLanguage\":\"en-US\",\"potentialAction\":[{\"@type\":\"ReadAction\",\"target\":[\"https:\\\/\\\/www.fehling.de\\\/en\\\/cart\\\/\"]}]},{\"@type\":\"BreadcrumbList\",\"@id\":\"https:\\\/\\\/www.fehling.de\\\/en\\\/cart\\\/#breadcrumb\",\"itemListElement\":[{\"@type\":\"ListItem\",\"position\":1,\"name\":\"Home\",\"item\":\"https:\\\/\\\/www.fehling.de\\\/en\\\/\"},{\"@type\":\"ListItem\",\"position\":2,\"name\":\"Cart\"}]},{\"@type\":\"WebSite\",\"@id\":\"https:\\\/\\\/www.fehling.de\\\/en\\\/#website\",\"url\":\"https:\\\/\\\/www.fehling.de\\\/en\\\/\",\"name\":\"Fehling\",\"description\":\"Wir fertigen Motorradlenker, Schutzb\u00fcgel, Gep\u00e4ck- und Koffertr\u00e4ger, Motorradkoffer, R\u00fcckenst\u00fctzen (Sissy Bars), Packtaschenb\u00fcgel, Rearracks, K\u00fchlergrills und anderes Chromzubeh\u00f6r aus Stahlrohr\",\"publisher\":{\"@id\":\"https:\\\/\\\/www.fehling.de\\\/en\\\/#organization\"},\"potentialAction\":[{\"@type\":\"SearchAction\",\"target\":{\"@type\":\"EntryPoint\",\"urlTemplate\":\"https:\\\/\\\/www.fehling.de\\\/en\\\/?s={search_term_string}\"},\"query-input\":{\"@type\":\"PropertyValueSpecification\",\"valueRequired\":true,\"valueName\":\"search_term_string\"}}],\"inLanguage\":\"en-US\"},{\"@type\":\"Organization\",\"@id\":\"https:\\\/\\\/www.fehling.de\\\/en\\\/#organization\",\"name\":\"Fehling\",\"url\":\"https:\\\/\\\/www.fehling.de\\\/en\\\/\",\"logo\":{\"@type\":\"ImageObject\",\"inLanguage\":\"en-US\",\"@id\":\"https:\\\/\\\/www.fehling.de\\\/en\\\/#\\\/schema\\\/logo\\\/image\\\/\",\"url\":\"https:\\\/\\\/www.fehling.de\\\/wp-content\\\/uploads\\\/2021\\\/02\\\/fehling-logo.png\",\"contentUrl\":\"https:\\\/\\\/www.fehling.de\\\/wp-content\\\/uploads\\\/2021\\\/02\\\/fehling-logo.png\",\"width\":428,\"height\":69,\"caption\":\"Fehling\"},\"image\":{\"@id\":\"https:\\\/\\\/www.fehling.de\\\/en\\\/#\\\/schema\\\/logo\\\/image\\\/\"}}]}<\/script>\n<!-- \/ Yoast SEO plugin. -->","yoast_head_json":{"title":"Cart - Fehling","description":"Simply put the items you want in your shopping cart and pay at checkout. \u2705 Shop conveniently online!","robots":{"index":"index","follow":"follow","max-snippet":"max-snippet:-1","max-image-preview":"max-image-preview:large","max-video-preview":"max-video-preview:-1"},"canonical":"https:\/\/www.fehling.de\/en\/cart\/","og_locale":"en_US","og_type":"article","og_title":"Cart - Fehling","og_description":"Simply put the items you want in your shopping cart and pay at checkout. \u2705 Shop conveniently online!","og_url":"https:\/\/www.fehling.de\/en\/cart\/","og_site_name":"Fehling","article_modified_time":"2024-12-02T09:49:52+00:00","twitter_card":"summary_large_image","twitter_misc":{"Est. reading time":"7 minutes"},"schema":{"@context":"https:\/\/schema.org","@graph":[{"@type":"WebPage","@id":"https:\/\/www.fehling.de\/en\/cart\/","url":"https:\/\/www.fehling.de\/en\/cart\/","name":"Cart - Fehling","isPartOf":{"@id":"https:\/\/www.fehling.de\/en\/#website"},"datePublished":"2023-02-24T12:21:47+00:00","dateModified":"2024-12-02T09:49:52+00:00","description":"Simply put the items you want in your shopping cart and pay at checkout. \u2705 Shop conveniently online!","breadcrumb":{"@id":"https:\/\/www.fehling.de\/en\/cart\/#breadcrumb"},"inLanguage":"en-US","potentialAction":[{"@type":"ReadAction","target":["https:\/\/www.fehling.de\/en\/cart\/"]}]},{"@type":"BreadcrumbList","@id":"https:\/\/www.fehling.de\/en\/cart\/#breadcrumb","itemListElement":[{"@type":"ListItem","position":1,"name":"Home","item":"https:\/\/www.fehling.de\/en\/"},{"@type":"ListItem","position":2,"name":"Cart"}]},{"@type":"WebSite","@id":"https:\/\/www.fehling.de\/en\/#website","url":"https:\/\/www.fehling.de\/en\/","name":"Fehling","description":"Wir fertigen Motorradlenker, Schutzb\u00fcgel, Gep\u00e4ck- und Koffertr\u00e4ger, Motorradkoffer, R\u00fcckenst\u00fctzen (Sissy Bars), Packtaschenb\u00fcgel, Rearracks, K\u00fchlergrills und anderes Chromzubeh\u00f6r aus Stahlrohr","publisher":{"@id":"https:\/\/www.fehling.de\/en\/#organization"},"potentialAction":[{"@type":"SearchAction","target":{"@type":"EntryPoint","urlTemplate":"https:\/\/www.fehling.de\/en\/?s={search_term_string}"},"query-input":{"@type":"PropertyValueSpecification","valueRequired":true,"valueName":"search_term_string"}}],"inLanguage":"en-US"},{"@type":"Organization","@id":"https:\/\/www.fehling.de\/en\/#organization","name":"Fehling","url":"https:\/\/www.fehling.de\/en\/","logo":{"@type":"ImageObject","inLanguage":"en-US","@id":"https:\/\/www.fehling.de\/en\/#\/schema\/logo\/image\/","url":"https:\/\/www.fehling.de\/wp-content\/uploads\/2021\/02\/fehling-logo.png","contentUrl":"https:\/\/www.fehling.de\/wp-content\/uploads\/2021\/02\/fehling-logo.png","width":428,"height":69,"caption":"Fehling"},"image":{"@id":"https:\/\/www.fehling.de\/en\/#\/schema\/logo\/image\/"}}]}},"_links":{"self":[{"href":"https:\/\/www.fehling.de\/en\/wp-json\/wp\/v2\/pages\/5662","targetHints":{"allow":["GET"]}}],"collection":[{"href":"https:\/\/www.fehling.de\/en\/wp-json\/wp\/v2\/pages"}],"about":[{"href":"https:\/\/www.fehling.de\/en\/wp-json\/wp\/v2\/types\/page"}],"author":[{"embeddable":true,"href":"https:\/\/www.fehling.de\/en\/wp-json\/wp\/v2\/users\/2206"}],"replies":[{"embeddable":true,"href":"https:\/\/www.fehling.de\/en\/wp-json\/wp\/v2\/comments?post=5662"}],"version-history":[{"count":7,"href":"https:\/\/www.fehling.de\/en\/wp-json\/wp\/v2\/pages\/5662\/revisions"}],"predecessor-version":[{"id":8891,"href":"https:\/\/www.fehling.de\/en\/wp-json\/wp\/v2\/pages\/5662\/revisions\/8891"}],"wp:attachment":[{"href":"https:\/\/www.fehling.de\/en\/wp-json\/wp\/v2\/media?parent=5662"}],"curies":[{"name":"wp","href":"https:\/\/api.w.org\/{rel}","templated":true}]}}