{"id":13148,"date":"2025-11-12T13:26:36","date_gmt":"2025-11-12T12:26:36","guid":{"rendered":"https:\/\/www.fehling.de\/?post_type=product&#038;p=13148"},"modified":"2025-11-17T15:48:41","modified_gmt":"2025-11-17T14:48:41","slug":"lampenhalter-fuer-zusatzscheinwerfer-b-ware-mit-optischen-maengeln","status":"publish","type":"product","link":"https:\/\/www.fehling.de\/en\/product\/lampenhalter-fuer-zusatzscheinwerfer-b-ware-mit-optischen-maengeln\/","title":{"rendered":"Lampenhalter f\u00fcr Zusatzscheinwerfer (B-Ware mit optischen M\u00e4ngeln)"},"content":{"rendered":"<p><a href=\"https:\/\/www.fehling.de\/wp-content\/uploads\/2025\/11\/7281-sa.pdf\"target=\"_blank\" rel=\"noopener\"><img class=\"lazyload\" decoding=\"async\" src=\"data:image\/gif;base64,R0lGODlhAQABAAAAACH5BAEKAAEALAAAAAABAAEAAAICTAEAOw==\" data-orig-src=\"\/wp-content\/uploads\/2022\/04\/anlage.gif\" \/> St\u00fcckliste und Anbauanleitung<\/a><\/p>\n","protected":false},"excerpt":{"rendered":"<p>St\u00fcckliste und Anbauanleitung<\/p>\n","protected":false},"featured_media":13180,"template":"","meta":{"_acf_changed":false},"product_brand":[],"product_cat":[648,651],"product_tag":[],"class_list":{"0":"post-13148","1":"product","2":"type-product","3":"status-publish","4":"has-post-thumbnail","6":"product_cat-b-ware-second-choice","7":"product_cat-sale-ausverkauf","9":"first","10":"instock","11":"taxable","12":"shipping-taxable","13":"purchasable","14":"product-type-simple"},"acf":[],"yoast_head":"<!-- This site is optimized with the Yoast SEO plugin v27.3 - https:\/\/yoast.com\/product\/yoast-seo-wordpress\/ -->\n<title>Lampenhalter f\u00fcr Zusatzscheinwerfer (B-Ware mit optischen M\u00e4ngeln) - Fehling<\/title>\n<meta name=\"robots\" content=\"index, follow, max-snippet:-1, max-image-preview:large, max-video-preview:-1\" \/>\n<link rel=\"canonical\" href=\"https:\/\/www.fehling.de\/en\/product\/lampenhalter-fuer-zusatzscheinwerfer-b-ware-mit-optischen-maengeln\/\" \/>\n<meta property=\"og:locale\" content=\"en_US\" \/>\n<meta property=\"og:type\" content=\"article\" \/>\n<meta property=\"og:title\" content=\"Lampenhalter f\u00fcr Zusatzscheinwerfer (B-Ware mit optischen M\u00e4ngeln) - Fehling\" \/>\n<meta property=\"og:description\" content=\"St\u00fcckliste und Anbauanleitung\" \/>\n<meta property=\"og:url\" content=\"https:\/\/www.fehling.de\/en\/product\/lampenhalter-fuer-zusatzscheinwerfer-b-ware-mit-optischen-maengeln\/\" \/>\n<meta property=\"og:site_name\" content=\"Fehling\" \/>\n<meta property=\"article:modified_time\" content=\"2025-11-17T14:48:41+00:00\" \/>\n<meta property=\"og:image\" content=\"https:\/\/www.fehling.de\/wp-content\/uploads\/2025\/11\/7281-2.webp\" \/>\n\t<meta property=\"og:image:width\" content=\"1575\" \/>\n\t<meta property=\"og:image:height\" content=\"1181\" \/>\n\t<meta property=\"og:image:type\" content=\"image\/webp\" \/>\n<meta name=\"twitter:card\" content=\"summary_large_image\" \/>\n<meta name=\"twitter:label1\" content=\"Est. reading time\" \/>\n\t<meta name=\"twitter:data1\" content=\"1 minute\" \/>\n<script type=\"application\/ld+json\" class=\"yoast-schema-graph\">{\"@context\":\"https:\\\/\\\/schema.org\",\"@graph\":[{\"@type\":\"WebPage\",\"@id\":\"https:\\\/\\\/www.fehling.de\\\/en\\\/product\\\/lampenhalter-fuer-zusatzscheinwerfer-b-ware-mit-optischen-maengeln\\\/\",\"url\":\"https:\\\/\\\/www.fehling.de\\\/en\\\/product\\\/lampenhalter-fuer-zusatzscheinwerfer-b-ware-mit-optischen-maengeln\\\/\",\"name\":\"Lampenhalter f\u00fcr Zusatzscheinwerfer (B-Ware mit optischen M\u00e4ngeln) - Fehling\",\"isPartOf\":{\"@id\":\"https:\\\/\\\/www.fehling.de\\\/en\\\/#website\"},\"primaryImageOfPage\":{\"@id\":\"https:\\\/\\\/www.fehling.de\\\/en\\\/product\\\/lampenhalter-fuer-zusatzscheinwerfer-b-ware-mit-optischen-maengeln\\\/#primaryimage\"},\"image\":{\"@id\":\"https:\\\/\\\/www.fehling.de\\\/en\\\/product\\\/lampenhalter-fuer-zusatzscheinwerfer-b-ware-mit-optischen-maengeln\\\/#primaryimage\"},\"thumbnailUrl\":\"https:\\\/\\\/www.fehling.de\\\/wp-content\\\/uploads\\\/2025\\\/11\\\/7281-2.webp\",\"datePublished\":\"2025-11-12T12:26:36+00:00\",\"dateModified\":\"2025-11-17T14:48:41+00:00\",\"breadcrumb\":{\"@id\":\"https:\\\/\\\/www.fehling.de\\\/en\\\/product\\\/lampenhalter-fuer-zusatzscheinwerfer-b-ware-mit-optischen-maengeln\\\/#breadcrumb\"},\"inLanguage\":\"en-US\",\"potentialAction\":[{\"@type\":\"ReadAction\",\"target\":[\"https:\\\/\\\/www.fehling.de\\\/en\\\/product\\\/lampenhalter-fuer-zusatzscheinwerfer-b-ware-mit-optischen-maengeln\\\/\"]}]},{\"@type\":\"ImageObject\",\"inLanguage\":\"en-US\",\"@id\":\"https:\\\/\\\/www.fehling.de\\\/en\\\/product\\\/lampenhalter-fuer-zusatzscheinwerfer-b-ware-mit-optischen-maengeln\\\/#primaryimage\",\"url\":\"https:\\\/\\\/www.fehling.de\\\/wp-content\\\/uploads\\\/2025\\\/11\\\/7281-2.webp\",\"contentUrl\":\"https:\\\/\\\/www.fehling.de\\\/wp-content\\\/uploads\\\/2025\\\/11\\\/7281-2.webp\",\"width\":1575,\"height\":1181,\"caption\":\"Drei verchromte Scheinwerfer an einem Motorrad mit einem stabilen Halter und Kabelverbindungen.\"},{\"@type\":\"BreadcrumbList\",\"@id\":\"https:\\\/\\\/www.fehling.de\\\/en\\\/product\\\/lampenhalter-fuer-zusatzscheinwerfer-b-ware-mit-optischen-maengeln\\\/#breadcrumb\",\"itemListElement\":[{\"@type\":\"ListItem\",\"position\":1,\"name\":\"Home\",\"item\":\"https:\\\/\\\/www.fehling.de\\\/en\\\/\"},{\"@type\":\"ListItem\",\"position\":2,\"name\":\"Shop\",\"item\":\"https:\\\/\\\/www.fehling.de\\\/shop\\\/\"},{\"@type\":\"ListItem\",\"position\":3,\"name\":\"Lampenhalter f\u00fcr Zusatzscheinwerfer (B-Ware mit optischen M\u00e4ngeln)\"}]},{\"@type\":\"WebSite\",\"@id\":\"https:\\\/\\\/www.fehling.de\\\/en\\\/#website\",\"url\":\"https:\\\/\\\/www.fehling.de\\\/en\\\/\",\"name\":\"Fehling\",\"description\":\"Wir fertigen Motorradlenker, Schutzb\u00fcgel, Gep\u00e4ck- und Koffertr\u00e4ger, Motorradkoffer, R\u00fcckenst\u00fctzen (Sissy Bars), Packtaschenb\u00fcgel, Rearracks, K\u00fchlergrills und anderes Chromzubeh\u00f6r aus Stahlrohr\",\"publisher\":{\"@id\":\"https:\\\/\\\/www.fehling.de\\\/en\\\/#organization\"},\"potentialAction\":[{\"@type\":\"SearchAction\",\"target\":{\"@type\":\"EntryPoint\",\"urlTemplate\":\"https:\\\/\\\/www.fehling.de\\\/en\\\/?s={search_term_string}\"},\"query-input\":{\"@type\":\"PropertyValueSpecification\",\"valueRequired\":true,\"valueName\":\"search_term_string\"}}],\"inLanguage\":\"en-US\"},{\"@type\":\"Organization\",\"@id\":\"https:\\\/\\\/www.fehling.de\\\/en\\\/#organization\",\"name\":\"Fehling\",\"url\":\"https:\\\/\\\/www.fehling.de\\\/en\\\/\",\"logo\":{\"@type\":\"ImageObject\",\"inLanguage\":\"en-US\",\"@id\":\"https:\\\/\\\/www.fehling.de\\\/en\\\/#\\\/schema\\\/logo\\\/image\\\/\",\"url\":\"https:\\\/\\\/www.fehling.de\\\/wp-content\\\/uploads\\\/2021\\\/02\\\/fehling-logo.png\",\"contentUrl\":\"https:\\\/\\\/www.fehling.de\\\/wp-content\\\/uploads\\\/2021\\\/02\\\/fehling-logo.png\",\"width\":428,\"height\":69,\"caption\":\"Fehling\"},\"image\":{\"@id\":\"https:\\\/\\\/www.fehling.de\\\/en\\\/#\\\/schema\\\/logo\\\/image\\\/\"}}]}<\/script>\n<!-- \/ Yoast SEO plugin. -->","yoast_head_json":{"title":"Lampenhalter f\u00fcr Zusatzscheinwerfer (B-Ware mit optischen M\u00e4ngeln) - Fehling","robots":{"index":"index","follow":"follow","max-snippet":"max-snippet:-1","max-image-preview":"max-image-preview:large","max-video-preview":"max-video-preview:-1"},"canonical":"https:\/\/www.fehling.de\/en\/product\/lampenhalter-fuer-zusatzscheinwerfer-b-ware-mit-optischen-maengeln\/","og_locale":"en_US","og_type":"article","og_title":"Lampenhalter f\u00fcr Zusatzscheinwerfer (B-Ware mit optischen M\u00e4ngeln) - Fehling","og_description":"St\u00fcckliste und Anbauanleitung","og_url":"https:\/\/www.fehling.de\/en\/product\/lampenhalter-fuer-zusatzscheinwerfer-b-ware-mit-optischen-maengeln\/","og_site_name":"Fehling","article_modified_time":"2025-11-17T14:48:41+00:00","og_image":[{"width":1575,"height":1181,"url":"https:\/\/www.fehling.de\/wp-content\/uploads\/2025\/11\/7281-2.webp","type":"image\/webp"}],"twitter_card":"summary_large_image","twitter_misc":{"Est. reading time":"1 minute"},"schema":{"@context":"https:\/\/schema.org","@graph":[{"@type":"WebPage","@id":"https:\/\/www.fehling.de\/en\/product\/lampenhalter-fuer-zusatzscheinwerfer-b-ware-mit-optischen-maengeln\/","url":"https:\/\/www.fehling.de\/en\/product\/lampenhalter-fuer-zusatzscheinwerfer-b-ware-mit-optischen-maengeln\/","name":"Lampenhalter f\u00fcr Zusatzscheinwerfer (B-Ware mit optischen M\u00e4ngeln) - Fehling","isPartOf":{"@id":"https:\/\/www.fehling.de\/en\/#website"},"primaryImageOfPage":{"@id":"https:\/\/www.fehling.de\/en\/product\/lampenhalter-fuer-zusatzscheinwerfer-b-ware-mit-optischen-maengeln\/#primaryimage"},"image":{"@id":"https:\/\/www.fehling.de\/en\/product\/lampenhalter-fuer-zusatzscheinwerfer-b-ware-mit-optischen-maengeln\/#primaryimage"},"thumbnailUrl":"https:\/\/www.fehling.de\/wp-content\/uploads\/2025\/11\/7281-2.webp","datePublished":"2025-11-12T12:26:36+00:00","dateModified":"2025-11-17T14:48:41+00:00","breadcrumb":{"@id":"https:\/\/www.fehling.de\/en\/product\/lampenhalter-fuer-zusatzscheinwerfer-b-ware-mit-optischen-maengeln\/#breadcrumb"},"inLanguage":"en-US","potentialAction":[{"@type":"ReadAction","target":["https:\/\/www.fehling.de\/en\/product\/lampenhalter-fuer-zusatzscheinwerfer-b-ware-mit-optischen-maengeln\/"]}]},{"@type":"ImageObject","inLanguage":"en-US","@id":"https:\/\/www.fehling.de\/en\/product\/lampenhalter-fuer-zusatzscheinwerfer-b-ware-mit-optischen-maengeln\/#primaryimage","url":"https:\/\/www.fehling.de\/wp-content\/uploads\/2025\/11\/7281-2.webp","contentUrl":"https:\/\/www.fehling.de\/wp-content\/uploads\/2025\/11\/7281-2.webp","width":1575,"height":1181,"caption":"Drei verchromte Scheinwerfer an einem Motorrad mit einem stabilen Halter und Kabelverbindungen."},{"@type":"BreadcrumbList","@id":"https:\/\/www.fehling.de\/en\/product\/lampenhalter-fuer-zusatzscheinwerfer-b-ware-mit-optischen-maengeln\/#breadcrumb","itemListElement":[{"@type":"ListItem","position":1,"name":"Home","item":"https:\/\/www.fehling.de\/en\/"},{"@type":"ListItem","position":2,"name":"Shop","item":"https:\/\/www.fehling.de\/shop\/"},{"@type":"ListItem","position":3,"name":"Lampenhalter f\u00fcr Zusatzscheinwerfer (B-Ware mit optischen M\u00e4ngeln)"}]},{"@type":"WebSite","@id":"https:\/\/www.fehling.de\/en\/#website","url":"https:\/\/www.fehling.de\/en\/","name":"Fehling","description":"Wir fertigen Motorradlenker, Schutzb\u00fcgel, Gep\u00e4ck- und Koffertr\u00e4ger, Motorradkoffer, R\u00fcckenst\u00fctzen (Sissy Bars), Packtaschenb\u00fcgel, Rearracks, K\u00fchlergrills und anderes Chromzubeh\u00f6r aus Stahlrohr","publisher":{"@id":"https:\/\/www.fehling.de\/en\/#organization"},"potentialAction":[{"@type":"SearchAction","target":{"@type":"EntryPoint","urlTemplate":"https:\/\/www.fehling.de\/en\/?s={search_term_string}"},"query-input":{"@type":"PropertyValueSpecification","valueRequired":true,"valueName":"search_term_string"}}],"inLanguage":"en-US"},{"@type":"Organization","@id":"https:\/\/www.fehling.de\/en\/#organization","name":"Fehling","url":"https:\/\/www.fehling.de\/en\/","logo":{"@type":"ImageObject","inLanguage":"en-US","@id":"https:\/\/www.fehling.de\/en\/#\/schema\/logo\/image\/","url":"https:\/\/www.fehling.de\/wp-content\/uploads\/2021\/02\/fehling-logo.png","contentUrl":"https:\/\/www.fehling.de\/wp-content\/uploads\/2021\/02\/fehling-logo.png","width":428,"height":69,"caption":"Fehling"},"image":{"@id":"https:\/\/www.fehling.de\/en\/#\/schema\/logo\/image\/"}}]}},"_links":{"self":[{"href":"https:\/\/www.fehling.de\/en\/wp-json\/wp\/v2\/product\/13148","targetHints":{"allow":["GET"]}}],"collection":[{"href":"https:\/\/www.fehling.de\/en\/wp-json\/wp\/v2\/product"}],"about":[{"href":"https:\/\/www.fehling.de\/en\/wp-json\/wp\/v2\/types\/product"}],"wp:featuredmedia":[{"embeddable":true,"href":"https:\/\/www.fehling.de\/en\/wp-json\/wp\/v2\/media\/13180"}],"wp:attachment":[{"href":"https:\/\/www.fehling.de\/en\/wp-json\/wp\/v2\/media?parent=13148"}],"wp:term":[{"taxonomy":"product_brand","embeddable":true,"href":"https:\/\/www.fehling.de\/en\/wp-json\/wp\/v2\/product_brand?post=13148"},{"taxonomy":"product_cat","embeddable":true,"href":"https:\/\/www.fehling.de\/en\/wp-json\/wp\/v2\/product_cat?post=13148"},{"taxonomy":"product_tag","embeddable":true,"href":"https:\/\/www.fehling.de\/en\/wp-json\/wp\/v2\/product_tag?post=13148"}],"curies":[{"name":"wp","href":"https:\/\/api.w.org\/{rel}","templated":true}]}}