{"id":5181,"date":"2022-07-25T16:58:58","date_gmt":"2022-07-25T14:58:58","guid":{"rendered":"https:\/\/www.fehling.de\/produkt\/aluminium-riser-for-handlebars-with-25-4-mm-1-o-50-mm-high-polished\/"},"modified":"2026-04-07T09:05:22","modified_gmt":"2026-04-07T07:05:22","slug":"aluminium-riser-for-handlebars-with-25-4-mm-1-o-50-mm-high-polished","status":"publish","type":"product","link":"https:\/\/www.fehling.de\/en\/product\/aluminium-riser-for-handlebars-with-25-4-mm-1-o-50-mm-high-polished\/","title":{"rendered":"Aluminium riser for handlebars with 25. 4 mm (1\u201d) \u00d8, 50 mm high, polished"},"content":{"rendered":"","protected":false},"excerpt":{"rendered":"","protected":false},"featured_media":3090,"template":"","meta":{"_acf_changed":false},"product_brand":[],"product_cat":[626,631,630,632],"product_tag":[],"class_list":{"0":"post-5181","1":"product","2":"type-product","3":"status-publish","4":"has-post-thumbnail","6":"product_cat-news","7":"product_cat-riser-handlebar-holder","8":"product_cat-riser-for-254-mm-1-and-3175-mm-1-1-4-handlebars","9":"product_cat-riser-for-254-mm-1-handlebars","11":"first","12":"outofstock","13":"taxable","14":"shipping-taxable","15":"purchasable","16":"product-type-simple"},"acf":[],"yoast_head":"<!-- This site is optimized with the Yoast SEO plugin v27.3 - https:\/\/yoast.com\/product\/yoast-seo-wordpress\/ -->\n<title>Aluminium riser for handlebars with 25. 4 mm (1\u201d) \u00d8, 50 mm high, polished - Fehling<\/title>\n<meta name=\"robots\" content=\"index, follow, max-snippet:-1, max-image-preview:large, max-video-preview:-1\" \/>\n<link rel=\"canonical\" href=\"https:\/\/www.fehling.de\/en\/product\/aluminium-riser-for-handlebars-with-25-4-mm-1-o-50-mm-high-polished\/\" \/>\n<meta property=\"og:locale\" content=\"en_US\" \/>\n<meta property=\"og:type\" content=\"article\" \/>\n<meta property=\"og:title\" content=\"Aluminium riser for handlebars with 25. 4 mm (1\u201d) \u00d8, 50 mm high, polished - Fehling\" \/>\n<meta property=\"og:url\" content=\"https:\/\/www.fehling.de\/en\/product\/aluminium-riser-for-handlebars-with-25-4-mm-1-o-50-mm-high-polished\/\" \/>\n<meta property=\"og:site_name\" content=\"Fehling\" \/>\n<meta property=\"article:modified_time\" content=\"2026-04-07T07:05:22+00:00\" \/>\n<meta property=\"og:image\" content=\"https:\/\/www.fehling.de\/wp-content\/uploads\/2022\/07\/7414.jpg\" \/>\n\t<meta property=\"og:image:width\" content=\"1890\" \/>\n\t<meta property=\"og:image:height\" content=\"1018\" \/>\n\t<meta property=\"og:image:type\" content=\"image\/jpeg\" \/>\n<meta name=\"twitter:card\" content=\"summary_large_image\" \/>\n<meta name=\"twitter:label1\" content=\"Est. reading time\" \/>\n\t<meta name=\"twitter:data1\" content=\"1 minute\" \/>\n<script type=\"application\/ld+json\" class=\"yoast-schema-graph\">{\"@context\":\"https:\\\/\\\/schema.org\",\"@graph\":[{\"@type\":\"WebPage\",\"@id\":\"https:\\\/\\\/www.fehling.de\\\/en\\\/product\\\/aluminium-riser-for-handlebars-with-25-4-mm-1-o-50-mm-high-polished\\\/\",\"url\":\"https:\\\/\\\/www.fehling.de\\\/en\\\/product\\\/aluminium-riser-for-handlebars-with-25-4-mm-1-o-50-mm-high-polished\\\/\",\"name\":\"Aluminium riser for handlebars with 25. 4 mm (1\u201d) \u00d8, 50 mm high, polished - Fehling\",\"isPartOf\":{\"@id\":\"https:\\\/\\\/www.fehling.de\\\/en\\\/#website\"},\"primaryImageOfPage\":{\"@id\":\"https:\\\/\\\/www.fehling.de\\\/en\\\/product\\\/aluminium-riser-for-handlebars-with-25-4-mm-1-o-50-mm-high-polished\\\/#primaryimage\"},\"image\":{\"@id\":\"https:\\\/\\\/www.fehling.de\\\/en\\\/product\\\/aluminium-riser-for-handlebars-with-25-4-mm-1-o-50-mm-high-polished\\\/#primaryimage\"},\"thumbnailUrl\":\"https:\\\/\\\/www.fehling.de\\\/wp-content\\\/uploads\\\/2022\\\/07\\\/7414.jpg\",\"datePublished\":\"2022-07-25T14:58:58+00:00\",\"dateModified\":\"2026-04-07T07:05:22+00:00\",\"breadcrumb\":{\"@id\":\"https:\\\/\\\/www.fehling.de\\\/en\\\/product\\\/aluminium-riser-for-handlebars-with-25-4-mm-1-o-50-mm-high-polished\\\/#breadcrumb\"},\"inLanguage\":\"en-US\",\"potentialAction\":[{\"@type\":\"ReadAction\",\"target\":[\"https:\\\/\\\/www.fehling.de\\\/en\\\/product\\\/aluminium-riser-for-handlebars-with-25-4-mm-1-o-50-mm-high-polished\\\/\"]}]},{\"@type\":\"ImageObject\",\"inLanguage\":\"en-US\",\"@id\":\"https:\\\/\\\/www.fehling.de\\\/en\\\/product\\\/aluminium-riser-for-handlebars-with-25-4-mm-1-o-50-mm-high-polished\\\/#primaryimage\",\"url\":\"https:\\\/\\\/www.fehling.de\\\/wp-content\\\/uploads\\\/2022\\\/07\\\/7414.jpg\",\"contentUrl\":\"https:\\\/\\\/www.fehling.de\\\/wp-content\\\/uploads\\\/2022\\\/07\\\/7414.jpg\",\"width\":1890,\"height\":1018,\"caption\":\"Aluminium riser for motorcycle handlebars\"},{\"@type\":\"BreadcrumbList\",\"@id\":\"https:\\\/\\\/www.fehling.de\\\/en\\\/product\\\/aluminium-riser-for-handlebars-with-25-4-mm-1-o-50-mm-high-polished\\\/#breadcrumb\",\"itemListElement\":[{\"@type\":\"ListItem\",\"position\":1,\"name\":\"Home\",\"item\":\"https:\\\/\\\/www.fehling.de\\\/en\\\/\"},{\"@type\":\"ListItem\",\"position\":2,\"name\":\"Shop\",\"item\":\"https:\\\/\\\/www.fehling.de\\\/shop\\\/\"},{\"@type\":\"ListItem\",\"position\":3,\"name\":\"Aluminium riser for handlebars with 25. 4 mm (1\u201d) \u00d8, 50 mm high, polished\"}]},{\"@type\":\"WebSite\",\"@id\":\"https:\\\/\\\/www.fehling.de\\\/en\\\/#website\",\"url\":\"https:\\\/\\\/www.fehling.de\\\/en\\\/\",\"name\":\"Fehling\",\"description\":\"Wir fertigen Motorradlenker, Schutzb\u00fcgel, Gep\u00e4ck- und Koffertr\u00e4ger, Motorradkoffer, R\u00fcckenst\u00fctzen (Sissy Bars), Packtaschenb\u00fcgel, Rearracks, K\u00fchlergrills und anderes Chromzubeh\u00f6r aus Stahlrohr\",\"publisher\":{\"@id\":\"https:\\\/\\\/www.fehling.de\\\/en\\\/#organization\"},\"potentialAction\":[{\"@type\":\"SearchAction\",\"target\":{\"@type\":\"EntryPoint\",\"urlTemplate\":\"https:\\\/\\\/www.fehling.de\\\/en\\\/?s={search_term_string}\"},\"query-input\":{\"@type\":\"PropertyValueSpecification\",\"valueRequired\":true,\"valueName\":\"search_term_string\"}}],\"inLanguage\":\"en-US\"},{\"@type\":\"Organization\",\"@id\":\"https:\\\/\\\/www.fehling.de\\\/en\\\/#organization\",\"name\":\"Fehling\",\"url\":\"https:\\\/\\\/www.fehling.de\\\/en\\\/\",\"logo\":{\"@type\":\"ImageObject\",\"inLanguage\":\"en-US\",\"@id\":\"https:\\\/\\\/www.fehling.de\\\/en\\\/#\\\/schema\\\/logo\\\/image\\\/\",\"url\":\"https:\\\/\\\/www.fehling.de\\\/wp-content\\\/uploads\\\/2021\\\/02\\\/fehling-logo.png\",\"contentUrl\":\"https:\\\/\\\/www.fehling.de\\\/wp-content\\\/uploads\\\/2021\\\/02\\\/fehling-logo.png\",\"width\":428,\"height\":69,\"caption\":\"Fehling\"},\"image\":{\"@id\":\"https:\\\/\\\/www.fehling.de\\\/en\\\/#\\\/schema\\\/logo\\\/image\\\/\"}}]}<\/script>\n<!-- \/ Yoast SEO plugin. -->","yoast_head_json":{"title":"Aluminium riser for handlebars with 25. 4 mm (1\u201d) \u00d8, 50 mm high, polished - Fehling","robots":{"index":"index","follow":"follow","max-snippet":"max-snippet:-1","max-image-preview":"max-image-preview:large","max-video-preview":"max-video-preview:-1"},"canonical":"https:\/\/www.fehling.de\/en\/product\/aluminium-riser-for-handlebars-with-25-4-mm-1-o-50-mm-high-polished\/","og_locale":"en_US","og_type":"article","og_title":"Aluminium riser for handlebars with 25. 4 mm (1\u201d) \u00d8, 50 mm high, polished - Fehling","og_url":"https:\/\/www.fehling.de\/en\/product\/aluminium-riser-for-handlebars-with-25-4-mm-1-o-50-mm-high-polished\/","og_site_name":"Fehling","article_modified_time":"2026-04-07T07:05:22+00:00","og_image":[{"width":1890,"height":1018,"url":"https:\/\/www.fehling.de\/wp-content\/uploads\/2022\/07\/7414.jpg","type":"image\/jpeg"}],"twitter_card":"summary_large_image","twitter_misc":{"Est. reading time":"1 minute"},"schema":{"@context":"https:\/\/schema.org","@graph":[{"@type":"WebPage","@id":"https:\/\/www.fehling.de\/en\/product\/aluminium-riser-for-handlebars-with-25-4-mm-1-o-50-mm-high-polished\/","url":"https:\/\/www.fehling.de\/en\/product\/aluminium-riser-for-handlebars-with-25-4-mm-1-o-50-mm-high-polished\/","name":"Aluminium riser for handlebars with 25. 4 mm (1\u201d) \u00d8, 50 mm high, polished - Fehling","isPartOf":{"@id":"https:\/\/www.fehling.de\/en\/#website"},"primaryImageOfPage":{"@id":"https:\/\/www.fehling.de\/en\/product\/aluminium-riser-for-handlebars-with-25-4-mm-1-o-50-mm-high-polished\/#primaryimage"},"image":{"@id":"https:\/\/www.fehling.de\/en\/product\/aluminium-riser-for-handlebars-with-25-4-mm-1-o-50-mm-high-polished\/#primaryimage"},"thumbnailUrl":"https:\/\/www.fehling.de\/wp-content\/uploads\/2022\/07\/7414.jpg","datePublished":"2022-07-25T14:58:58+00:00","dateModified":"2026-04-07T07:05:22+00:00","breadcrumb":{"@id":"https:\/\/www.fehling.de\/en\/product\/aluminium-riser-for-handlebars-with-25-4-mm-1-o-50-mm-high-polished\/#breadcrumb"},"inLanguage":"en-US","potentialAction":[{"@type":"ReadAction","target":["https:\/\/www.fehling.de\/en\/product\/aluminium-riser-for-handlebars-with-25-4-mm-1-o-50-mm-high-polished\/"]}]},{"@type":"ImageObject","inLanguage":"en-US","@id":"https:\/\/www.fehling.de\/en\/product\/aluminium-riser-for-handlebars-with-25-4-mm-1-o-50-mm-high-polished\/#primaryimage","url":"https:\/\/www.fehling.de\/wp-content\/uploads\/2022\/07\/7414.jpg","contentUrl":"https:\/\/www.fehling.de\/wp-content\/uploads\/2022\/07\/7414.jpg","width":1890,"height":1018,"caption":"Aluminium riser for motorcycle handlebars"},{"@type":"BreadcrumbList","@id":"https:\/\/www.fehling.de\/en\/product\/aluminium-riser-for-handlebars-with-25-4-mm-1-o-50-mm-high-polished\/#breadcrumb","itemListElement":[{"@type":"ListItem","position":1,"name":"Home","item":"https:\/\/www.fehling.de\/en\/"},{"@type":"ListItem","position":2,"name":"Shop","item":"https:\/\/www.fehling.de\/shop\/"},{"@type":"ListItem","position":3,"name":"Aluminium riser for handlebars with 25. 4 mm (1\u201d) \u00d8, 50 mm high, polished"}]},{"@type":"WebSite","@id":"https:\/\/www.fehling.de\/en\/#website","url":"https:\/\/www.fehling.de\/en\/","name":"Fehling","description":"Wir fertigen Motorradlenker, Schutzb\u00fcgel, Gep\u00e4ck- und Koffertr\u00e4ger, Motorradkoffer, R\u00fcckenst\u00fctzen (Sissy Bars), Packtaschenb\u00fcgel, Rearracks, K\u00fchlergrills und anderes Chromzubeh\u00f6r aus Stahlrohr","publisher":{"@id":"https:\/\/www.fehling.de\/en\/#organization"},"potentialAction":[{"@type":"SearchAction","target":{"@type":"EntryPoint","urlTemplate":"https:\/\/www.fehling.de\/en\/?s={search_term_string}"},"query-input":{"@type":"PropertyValueSpecification","valueRequired":true,"valueName":"search_term_string"}}],"inLanguage":"en-US"},{"@type":"Organization","@id":"https:\/\/www.fehling.de\/en\/#organization","name":"Fehling","url":"https:\/\/www.fehling.de\/en\/","logo":{"@type":"ImageObject","inLanguage":"en-US","@id":"https:\/\/www.fehling.de\/en\/#\/schema\/logo\/image\/","url":"https:\/\/www.fehling.de\/wp-content\/uploads\/2021\/02\/fehling-logo.png","contentUrl":"https:\/\/www.fehling.de\/wp-content\/uploads\/2021\/02\/fehling-logo.png","width":428,"height":69,"caption":"Fehling"},"image":{"@id":"https:\/\/www.fehling.de\/en\/#\/schema\/logo\/image\/"}}]}},"_links":{"self":[{"href":"https:\/\/www.fehling.de\/en\/wp-json\/wp\/v2\/product\/5181","targetHints":{"allow":["GET"]}}],"collection":[{"href":"https:\/\/www.fehling.de\/en\/wp-json\/wp\/v2\/product"}],"about":[{"href":"https:\/\/www.fehling.de\/en\/wp-json\/wp\/v2\/types\/product"}],"wp:featuredmedia":[{"embeddable":true,"href":"https:\/\/www.fehling.de\/en\/wp-json\/wp\/v2\/media\/3090"}],"wp:attachment":[{"href":"https:\/\/www.fehling.de\/en\/wp-json\/wp\/v2\/media?parent=5181"}],"wp:term":[{"taxonomy":"product_brand","embeddable":true,"href":"https:\/\/www.fehling.de\/en\/wp-json\/wp\/v2\/product_brand?post=5181"},{"taxonomy":"product_cat","embeddable":true,"href":"https:\/\/www.fehling.de\/en\/wp-json\/wp\/v2\/product_cat?post=5181"},{"taxonomy":"product_tag","embeddable":true,"href":"https:\/\/www.fehling.de\/en\/wp-json\/wp\/v2\/product_tag?post=5181"}],"curies":[{"name":"wp","href":"https:\/\/api.w.org\/{rel}","templated":true}]}}