{"id":5383,"date":"2022-07-25T17:05:05","date_gmt":"2022-07-25T15:05:05","guid":{"rendered":"https:\/\/www.fehling.de\/produkt\/drag-bar-825-mm-wide-5\/"},"modified":"2025-10-02T14:56:25","modified_gmt":"2025-10-02T12:56:25","slug":"drag-bar-825-mm-wide-5","status":"publish","type":"product","link":"https:\/\/www.fehling.de\/en\/product\/drag-bar-825-mm-wide-5\/","title":{"rendered":"Drag-Bar 825 mm wide"},"content":{"rendered":"<p>&nbsp;<\/p>\n<p><img decoding=\"async\" class=\"lazyload alignnone size-full wp-image-4251\" src=\"data:image\/svg+xml,%3Csvg%20xmlns%3D%27http%3A%2F%2Fwww.w3.org%2F2000%2Fsvg%27%20width%3D%27739%27%20height%3D%27162%27%20viewBox%3D%270%200%20739%20162%27%3E%3Crect%20width%3D%27739%27%20height%3D%27162%27%20fill-opacity%3D%220%22%2F%3E%3C%2Fsvg%3E\" data-orig-src=\"https:\/\/www.fehling.de\/wp-content\/uploads\/2022\/07\/drag-bar.gif\" alt=\"\" width=\"739\" height=\"162\" \/><\/p>\n<p>&nbsp;&nbsp;<\/p>\n<div class=\"product-table\">\n<p>Technical dimensions: Measured with handlebars in vertical position (dimensions in mounting position may vary greatly)<\/p>\n<table>\n<tbody>\n<tr>\n<td class=\"cell1\">a<\/td>\n<td class=\"cell2\">825<\/td>\n<td class=\"cell3\">Width<\/td>\n<\/tr>\n<tr>\n<td class=\"cell1\">b<\/td>\n<td class=\"cell2\"><\/td>\n<td class=\"cell3\">Height at the end of the outer bend<\/td>\n<\/tr>\n<tr>\n<td class=\"cell1\">c<\/td>\n<td class=\"cell2\">170<\/td>\n<td class=\"cell3\">Depth to rear<\/td>\n<\/tr>\n<tr>\n<td class=\"cell1\">d<\/td>\n<td class=\"cell2\"><\/td>\n<td class=\"cell3\">Height at end of grip<\/td>\n<\/tr>\n<tr>\n<td class=\"cell1\">e<\/td>\n<td class=\"cell2\">280<\/td>\n<td class=\"cell3\">Measured at intersection of tube outer edges<\/td>\n<\/tr>\n<\/tbody>\n<\/table>\n<p>Dimensions in mounting position: (Dimensions may vary depending on handlebars and mounting).<\/p>\n<table>\n<tbody>\n<tr>\n<td class=\"cell1\"><\/td>\n<td class=\"cell2\"><\/td>\n<td class=\"cell3\">Height<\/td>\n<\/tr>\n<tr>\n<td class=\"cell1\"><\/td>\n<td class=\"cell2\"><\/td>\n<td class=\"cell3\">Depth to rear (Pullback)<\/td>\n<\/tr>\n<\/tbody>\n<\/table>\n<p>Other dimensions:<\/p>\n<table>\n<tbody>\n<tr>\n<td class=\"cell1\"><\/td>\n<td class=\"cell2\">200<\/td>\n<td class=\"cell3\">Maximum handle length<\/td>\n<\/tr>\n<tr>\n<td class=\"cell1\"><\/td>\n<td class=\"cell2\">135<\/td>\n<td class=\"cell3\">Maximum clamp width<\/td>\n<\/tr>\n<tr>\n<td class=\"cell1\"><\/td>\n<td class=\"cell2\">120 \/ 60<\/td>\n<td class=\"cell3\">Width of knurling (outside \/ inside)<\/td>\n<\/tr>\n<\/tbody>\n<\/table>\n<\/div>\n<p>&nbsp;<br \/>\n<a href=\"https:\/\/www.fehling-ftp.de\/mail\/shop\/gutachten\/tga_fb_gtue_21202.00_info.pdf\" target=\"_blank\" class=\"inhalt-pdflinks\" rel=\"noopener\"><img class=\"lazyload\" decoding=\"async\" src=\"data:image\/gif;base64,R0lGODlhAQABAAAAACH5BAEKAAEALAAAAAABAAEAAAICTAEAOw==\" data-orig-src=\"\/wp-content\/uploads\/2022\/04\/anlage.gif\"> Technical Report<\/a><\/p>\n","protected":false},"excerpt":{"rendered":"<p>&nbsp; &nbsp;&nbsp; Technical dimensions: Measured with handlebars in vertical position<\/p>\n","protected":false},"featured_media":3706,"template":"","meta":{"_acf_changed":false},"product_brand":[],"product_cat":[392,386],"product_tag":[],"class_list":{"0":"post-5383","1":"product","2":"type-product","3":"status-publish","4":"has-post-thumbnail","6":"product_cat-fatbars-from-tube-o-3175-mm-1-1-4-grip-ends-and-clamp-area-from-tube-o-254-mm-1","7":"product_cat-handlebars","9":"first","10":"instock","11":"taxable","12":"shipping-taxable","13":"purchasable","14":"product-type-simple"},"acf":[],"yoast_head":"<!-- This site is optimized with the Yoast SEO plugin v27.2 - https:\/\/yoast.com\/product\/yoast-seo-wordpress\/ -->\n<title>Drag-Bar 825 mm wide - Fehling<\/title>\n<meta name=\"robots\" content=\"index, follow, max-snippet:-1, max-image-preview:large, max-video-preview:-1\" \/>\n<link rel=\"canonical\" href=\"https:\/\/www.fehling.de\/en\/product\/drag-bar-825-mm-wide-5\/\" \/>\n<meta property=\"og:locale\" content=\"en_US\" \/>\n<meta property=\"og:type\" content=\"article\" \/>\n<meta property=\"og:title\" content=\"Drag-Bar 825 mm wide - Fehling\" \/>\n<meta property=\"og:description\" content=\"&nbsp; &nbsp;&nbsp; Technical dimensions: Measured with handlebars in vertical position\" \/>\n<meta property=\"og:url\" content=\"https:\/\/www.fehling.de\/en\/product\/drag-bar-825-mm-wide-5\/\" \/>\n<meta property=\"og:site_name\" content=\"Fehling\" \/>\n<meta property=\"article:modified_time\" content=\"2025-10-02T12:56:25+00:00\" \/>\n<meta property=\"og:image\" content=\"https:\/\/www.fehling.de\/wp-content\/uploads\/2022\/07\/7721.jpg\" \/>\n\t<meta property=\"og:image:width\" content=\"1890\" \/>\n\t<meta property=\"og:image:height\" content=\"1416\" \/>\n\t<meta property=\"og:image:type\" content=\"image\/jpeg\" \/>\n<meta name=\"twitter:card\" content=\"summary_large_image\" \/>\n<meta name=\"twitter:label1\" content=\"Est. reading time\" \/>\n\t<meta name=\"twitter:data1\" content=\"2 minutes\" \/>\n<script type=\"application\/ld+json\" class=\"yoast-schema-graph\">{\"@context\":\"https:\/\/schema.org\",\"@graph\":[{\"@type\":\"WebPage\",\"@id\":\"https:\/\/www.fehling.de\/en\/product\/drag-bar-825-mm-wide-5\/\",\"url\":\"https:\/\/www.fehling.de\/en\/product\/drag-bar-825-mm-wide-5\/\",\"name\":\"Drag-Bar 825 mm wide - Fehling\",\"isPartOf\":{\"@id\":\"https:\/\/www.fehling.de\/en\/#website\"},\"primaryImageOfPage\":{\"@id\":\"https:\/\/www.fehling.de\/en\/product\/drag-bar-825-mm-wide-5\/#primaryimage\"},\"image\":{\"@id\":\"https:\/\/www.fehling.de\/en\/product\/drag-bar-825-mm-wide-5\/#primaryimage\"},\"thumbnailUrl\":\"https:\/\/www.fehling.de\/wp-content\/uploads\/2022\/07\/7721.jpg\",\"datePublished\":\"2022-07-25T15:05:05+00:00\",\"dateModified\":\"2025-10-02T12:56:25+00:00\",\"breadcrumb\":{\"@id\":\"https:\/\/www.fehling.de\/en\/product\/drag-bar-825-mm-wide-5\/#breadcrumb\"},\"inLanguage\":\"en-US\",\"potentialAction\":[{\"@type\":\"ReadAction\",\"target\":[\"https:\/\/www.fehling.de\/en\/product\/drag-bar-825-mm-wide-5\/\"]}]},{\"@type\":\"ImageObject\",\"inLanguage\":\"en-US\",\"@id\":\"https:\/\/www.fehling.de\/en\/product\/drag-bar-825-mm-wide-5\/#primaryimage\",\"url\":\"https:\/\/www.fehling.de\/wp-content\/uploads\/2022\/07\/7721.jpg\",\"contentUrl\":\"https:\/\/www.fehling.de\/wp-content\/uploads\/2022\/07\/7721.jpg\",\"width\":1890,\"height\":1416,\"caption\":\"Curved black motorcycle handlebars with a central joint for adjustment or folding.\"},{\"@type\":\"BreadcrumbList\",\"@id\":\"https:\/\/www.fehling.de\/en\/product\/drag-bar-825-mm-wide-5\/#breadcrumb\",\"itemListElement\":[{\"@type\":\"ListItem\",\"position\":1,\"name\":\"Home\",\"item\":\"https:\/\/www.fehling.de\/en\/\"},{\"@type\":\"ListItem\",\"position\":2,\"name\":\"Shop\",\"item\":\"https:\/\/www.fehling.de\/shop\/\"},{\"@type\":\"ListItem\",\"position\":3,\"name\":\"Drag-Bar 825 mm wide\"}]},{\"@type\":\"WebSite\",\"@id\":\"https:\/\/www.fehling.de\/en\/#website\",\"url\":\"https:\/\/www.fehling.de\/en\/\",\"name\":\"Fehling\",\"description\":\"Wir fertigen Motorradlenker, Schutzb\u00fcgel, Gep\u00e4ck- und Koffertr\u00e4ger, Motorradkoffer, R\u00fcckenst\u00fctzen (Sissy Bars), Packtaschenb\u00fcgel, Rearracks, K\u00fchlergrills und anderes Chromzubeh\u00f6r aus Stahlrohr\",\"publisher\":{\"@id\":\"https:\/\/www.fehling.de\/en\/#organization\"},\"potentialAction\":[{\"@type\":\"SearchAction\",\"target\":{\"@type\":\"EntryPoint\",\"urlTemplate\":\"https:\/\/www.fehling.de\/en\/?s={search_term_string}\"},\"query-input\":{\"@type\":\"PropertyValueSpecification\",\"valueRequired\":true,\"valueName\":\"search_term_string\"}}],\"inLanguage\":\"en-US\"},{\"@type\":\"Organization\",\"@id\":\"https:\/\/www.fehling.de\/en\/#organization\",\"name\":\"Fehling\",\"url\":\"https:\/\/www.fehling.de\/en\/\",\"logo\":{\"@type\":\"ImageObject\",\"inLanguage\":\"en-US\",\"@id\":\"https:\/\/www.fehling.de\/en\/#\/schema\/logo\/image\/\",\"url\":\"https:\/\/www.fehling.de\/wp-content\/uploads\/2021\/02\/fehling-logo.png\",\"contentUrl\":\"https:\/\/www.fehling.de\/wp-content\/uploads\/2021\/02\/fehling-logo.png\",\"width\":428,\"height\":69,\"caption\":\"Fehling\"},\"image\":{\"@id\":\"https:\/\/www.fehling.de\/en\/#\/schema\/logo\/image\/\"}}]}<\/script>\n<!-- \/ Yoast SEO plugin. -->","yoast_head_json":{"title":"Drag-Bar 825 mm wide - Fehling","robots":{"index":"index","follow":"follow","max-snippet":"max-snippet:-1","max-image-preview":"max-image-preview:large","max-video-preview":"max-video-preview:-1"},"canonical":"https:\/\/www.fehling.de\/en\/product\/drag-bar-825-mm-wide-5\/","og_locale":"en_US","og_type":"article","og_title":"Drag-Bar 825 mm wide - Fehling","og_description":"&nbsp; &nbsp;&nbsp; Technical dimensions: Measured with handlebars in vertical position","og_url":"https:\/\/www.fehling.de\/en\/product\/drag-bar-825-mm-wide-5\/","og_site_name":"Fehling","article_modified_time":"2025-10-02T12:56:25+00:00","og_image":[{"width":1890,"height":1416,"url":"https:\/\/www.fehling.de\/wp-content\/uploads\/2022\/07\/7721.jpg","type":"image\/jpeg"}],"twitter_card":"summary_large_image","twitter_misc":{"Est. reading time":"2 minutes"},"schema":{"@context":"https:\/\/schema.org","@graph":[{"@type":"WebPage","@id":"https:\/\/www.fehling.de\/en\/product\/drag-bar-825-mm-wide-5\/","url":"https:\/\/www.fehling.de\/en\/product\/drag-bar-825-mm-wide-5\/","name":"Drag-Bar 825 mm wide - Fehling","isPartOf":{"@id":"https:\/\/www.fehling.de\/en\/#website"},"primaryImageOfPage":{"@id":"https:\/\/www.fehling.de\/en\/product\/drag-bar-825-mm-wide-5\/#primaryimage"},"image":{"@id":"https:\/\/www.fehling.de\/en\/product\/drag-bar-825-mm-wide-5\/#primaryimage"},"thumbnailUrl":"https:\/\/www.fehling.de\/wp-content\/uploads\/2022\/07\/7721.jpg","datePublished":"2022-07-25T15:05:05+00:00","dateModified":"2025-10-02T12:56:25+00:00","breadcrumb":{"@id":"https:\/\/www.fehling.de\/en\/product\/drag-bar-825-mm-wide-5\/#breadcrumb"},"inLanguage":"en-US","potentialAction":[{"@type":"ReadAction","target":["https:\/\/www.fehling.de\/en\/product\/drag-bar-825-mm-wide-5\/"]}]},{"@type":"ImageObject","inLanguage":"en-US","@id":"https:\/\/www.fehling.de\/en\/product\/drag-bar-825-mm-wide-5\/#primaryimage","url":"https:\/\/www.fehling.de\/wp-content\/uploads\/2022\/07\/7721.jpg","contentUrl":"https:\/\/www.fehling.de\/wp-content\/uploads\/2022\/07\/7721.jpg","width":1890,"height":1416,"caption":"Curved black motorcycle handlebars with a central joint for adjustment or folding."},{"@type":"BreadcrumbList","@id":"https:\/\/www.fehling.de\/en\/product\/drag-bar-825-mm-wide-5\/#breadcrumb","itemListElement":[{"@type":"ListItem","position":1,"name":"Home","item":"https:\/\/www.fehling.de\/en\/"},{"@type":"ListItem","position":2,"name":"Shop","item":"https:\/\/www.fehling.de\/shop\/"},{"@type":"ListItem","position":3,"name":"Drag-Bar 825 mm wide"}]},{"@type":"WebSite","@id":"https:\/\/www.fehling.de\/en\/#website","url":"https:\/\/www.fehling.de\/en\/","name":"Fehling","description":"Wir fertigen Motorradlenker, Schutzb\u00fcgel, Gep\u00e4ck- und Koffertr\u00e4ger, Motorradkoffer, R\u00fcckenst\u00fctzen (Sissy Bars), Packtaschenb\u00fcgel, Rearracks, K\u00fchlergrills und anderes Chromzubeh\u00f6r aus Stahlrohr","publisher":{"@id":"https:\/\/www.fehling.de\/en\/#organization"},"potentialAction":[{"@type":"SearchAction","target":{"@type":"EntryPoint","urlTemplate":"https:\/\/www.fehling.de\/en\/?s={search_term_string}"},"query-input":{"@type":"PropertyValueSpecification","valueRequired":true,"valueName":"search_term_string"}}],"inLanguage":"en-US"},{"@type":"Organization","@id":"https:\/\/www.fehling.de\/en\/#organization","name":"Fehling","url":"https:\/\/www.fehling.de\/en\/","logo":{"@type":"ImageObject","inLanguage":"en-US","@id":"https:\/\/www.fehling.de\/en\/#\/schema\/logo\/image\/","url":"https:\/\/www.fehling.de\/wp-content\/uploads\/2021\/02\/fehling-logo.png","contentUrl":"https:\/\/www.fehling.de\/wp-content\/uploads\/2021\/02\/fehling-logo.png","width":428,"height":69,"caption":"Fehling"},"image":{"@id":"https:\/\/www.fehling.de\/en\/#\/schema\/logo\/image\/"}}]}},"_links":{"self":[{"href":"https:\/\/www.fehling.de\/en\/wp-json\/wp\/v2\/product\/5383","targetHints":{"allow":["GET"]}}],"collection":[{"href":"https:\/\/www.fehling.de\/en\/wp-json\/wp\/v2\/product"}],"about":[{"href":"https:\/\/www.fehling.de\/en\/wp-json\/wp\/v2\/types\/product"}],"wp:featuredmedia":[{"embeddable":true,"href":"https:\/\/www.fehling.de\/en\/wp-json\/wp\/v2\/media\/3706"}],"wp:attachment":[{"href":"https:\/\/www.fehling.de\/en\/wp-json\/wp\/v2\/media?parent=5383"}],"wp:term":[{"taxonomy":"product_brand","embeddable":true,"href":"https:\/\/www.fehling.de\/en\/wp-json\/wp\/v2\/product_brand?post=5383"},{"taxonomy":"product_cat","embeddable":true,"href":"https:\/\/www.fehling.de\/en\/wp-json\/wp\/v2\/product_cat?post=5383"},{"taxonomy":"product_tag","embeddable":true,"href":"https:\/\/www.fehling.de\/en\/wp-json\/wp\/v2\/product_tag?post=5383"}],"curies":[{"name":"wp","href":"https:\/\/api.w.org\/{rel}","templated":true}]}}