{"id":5427,"date":"2022-07-25T17:06:17","date_gmt":"2022-07-25T15:06:17","guid":{"rendered":"https:\/\/www.fehling.de\/produkt\/ulz-handlebar-750-mm-wide\/"},"modified":"2025-10-02T14:49:34","modified_gmt":"2025-10-02T12:49:34","slug":"ulz-handlebar-750-mm-wide","status":"publish","type":"product","link":"https:\/\/www.fehling.de\/en\/product\/ulz-handlebar-750-mm-wide\/","title":{"rendered":"ULZ Handlebar 750 mm wide"},"content":{"rendered":"<p>&nbsp;<\/p>\n<p><img decoding=\"async\" class=\"lazyload alignnone size-full wp-image-4574\" src=\"data:image\/svg+xml,%3Csvg%20xmlns%3D%27http%3A%2F%2Fwww.w3.org%2F2000%2Fsvg%27%20width%3D%27739%27%20height%3D%27144%27%20viewBox%3D%270%200%20739%20144%27%3E%3Crect%20width%3D%27739%27%20height%3D%27144%27%20fill-opacity%3D%220%22%2F%3E%3C%2Fsvg%3E\" data-orig-src=\"https:\/\/www.fehling.de\/wp-content\/uploads\/2022\/07\/lzr-ulz.gif\" alt=\"\" width=\"739\" height=\"144\" \/><\/p>\n<p>&nbsp;<\/p>\n<div class=\"product-table\">\n<p>Technical dimensions: Measured with handlebars in vertical position (dimensions in mounting position may vary greatly)<\/p>\n<table>\n<tbody>\n<tr>\n<td class=\"cell1\">a<\/td>\n<td class=\"cell2\">750<\/td>\n<td class=\"cell3\">Width<\/td>\n<\/tr>\n<tr>\n<td class=\"cell1\">b<\/td>\n<td class=\"cell2\">250<\/td>\n<td class=\"cell3\">Height at the end of the outer bend<\/td>\n<\/tr>\n<tr>\n<td class=\"cell1\">c<\/td>\n<td class=\"cell2\">110<\/td>\n<td class=\"cell3\">Depth to rear<\/td>\n<\/tr>\n<tr>\n<td class=\"cell1\">d<\/td>\n<td class=\"cell2\">175<\/td>\n<td class=\"cell3\">Height at end of grip<\/td>\n<\/tr>\n<tr>\n<td class=\"cell1\">e<\/td>\n<td class=\"cell2\">240<\/td>\n<td class=\"cell3\">Measured at intersection of tube outer edges<\/td>\n<\/tr>\n<\/tbody>\n<\/table>\n<p>Dimensions in mounting position: (Dimensions may vary depending on handlebars and mounting).<\/p>\n<table>\n<tbody>\n<tr>\n<td class=\"cell1\"><\/td>\n<td class=\"cell2\">230<\/td>\n<td class=\"cell3\">Height<\/td>\n<\/tr>\n<tr>\n<td class=\"cell1\"><\/td>\n<td class=\"cell2\">70<\/td>\n<td class=\"cell3\">Depth to rear (Pullback)<\/td>\n<\/tr>\n<\/tbody>\n<\/table>\n<p>Other dimensions:<\/p>\n<table>\n<tbody>\n<tr>\n<td class=\"cell1\"><\/td>\n<td class=\"cell2\">230<\/td>\n<td class=\"cell3\">Maximum handle length<\/td>\n<\/tr>\n<tr>\n<td class=\"cell1\"><\/td>\n<td class=\"cell2\">140<\/td>\n<td class=\"cell3\">Maximum clamp width<\/td>\n<\/tr>\n<tr>\n<td class=\"cell1\"><\/td>\n<td class=\"cell2\">120 \/ 60<\/td>\n<td class=\"cell3\">Width of knurling (outside \/ inside)<\/td>\n<\/tr>\n<\/tbody>\n<\/table>\n<\/div>\n<p>&nbsp;<\/p>\n<p><a class=\"inhalt-pdflinks\" href=\"https:\/\/www.fehling-ftp.de\/mail\/shop\/gutachten\/tga_ulz_tuev_374_0017_00_info.pdf\" target=\"_blank\" rel=\"noopener\"><img class=\"lazyload\" decoding=\"async\" src=\"data:image\/gif;base64,R0lGODlhAQABAAAAACH5BAEKAAEALAAAAAABAAEAAAICTAEAOw==\" data-orig-src=\"\/wp-content\/uploads\/2022\/04\/anlage.gif\" \/> Technical Report<\/a><\/p>\n","protected":false},"excerpt":{"rendered":"<p>&nbsp; &nbsp; Technical dimensions: Measured with handlebars in vertical position<\/p>\n","protected":false},"featured_media":3839,"template":"","meta":{"_acf_changed":false},"product_brand":[],"product_cat":[386,393,396],"product_tag":[],"class_list":{"0":"post-5427","1":"product","2":"type-product","3":"status-publish","4":"has-post-thumbnail","6":"product_cat-handlebars","7":"product_cat-handlebars-from-tube-o-22-mm-7-8","8":"product_cat-lzr-and-ulz-handlebars","10":"first","11":"instock","12":"taxable","13":"shipping-taxable","14":"purchasable","15":"product-type-simple"},"acf":[],"yoast_head":"<!-- This site is optimized with the Yoast SEO plugin v27.2 - https:\/\/yoast.com\/product\/yoast-seo-wordpress\/ -->\n<title>ULZ Handlebar 750 mm wide - Fehling<\/title>\n<meta name=\"robots\" content=\"index, follow, max-snippet:-1, max-image-preview:large, max-video-preview:-1\" \/>\n<link rel=\"canonical\" href=\"https:\/\/www.fehling.de\/en\/product\/ulz-handlebar-750-mm-wide\/\" \/>\n<meta property=\"og:locale\" content=\"en_US\" \/>\n<meta property=\"og:type\" content=\"article\" \/>\n<meta property=\"og:title\" content=\"ULZ Handlebar 750 mm wide - Fehling\" \/>\n<meta property=\"og:description\" content=\"&nbsp; &nbsp; Technical dimensions: Measured with handlebars in vertical position\" \/>\n<meta property=\"og:url\" content=\"https:\/\/www.fehling.de\/en\/product\/ulz-handlebar-750-mm-wide\/\" \/>\n<meta property=\"og:site_name\" content=\"Fehling\" \/>\n<meta property=\"article:modified_time\" content=\"2025-10-02T12:49:34+00:00\" \/>\n<meta property=\"og:image\" content=\"https:\/\/www.fehling.de\/wp-content\/uploads\/2022\/07\/7803.jpg\" \/>\n\t<meta property=\"og:image:width\" content=\"1890\" \/>\n\t<meta property=\"og:image:height\" content=\"904\" \/>\n\t<meta property=\"og:image:type\" content=\"image\/jpeg\" \/>\n<meta name=\"twitter:card\" content=\"summary_large_image\" \/>\n<meta name=\"twitter:label1\" content=\"Est. reading time\" \/>\n\t<meta name=\"twitter:data1\" content=\"2 minutes\" \/>\n<script type=\"application\/ld+json\" class=\"yoast-schema-graph\">{\"@context\":\"https:\/\/schema.org\",\"@graph\":[{\"@type\":\"WebPage\",\"@id\":\"https:\/\/www.fehling.de\/en\/product\/ulz-handlebar-750-mm-wide\/\",\"url\":\"https:\/\/www.fehling.de\/en\/product\/ulz-handlebar-750-mm-wide\/\",\"name\":\"ULZ Handlebar 750 mm wide - Fehling\",\"isPartOf\":{\"@id\":\"https:\/\/www.fehling.de\/en\/#website\"},\"primaryImageOfPage\":{\"@id\":\"https:\/\/www.fehling.de\/en\/product\/ulz-handlebar-750-mm-wide\/#primaryimage\"},\"image\":{\"@id\":\"https:\/\/www.fehling.de\/en\/product\/ulz-handlebar-750-mm-wide\/#primaryimage\"},\"thumbnailUrl\":\"https:\/\/www.fehling.de\/wp-content\/uploads\/2022\/07\/7803.jpg\",\"datePublished\":\"2022-07-25T15:06:17+00:00\",\"dateModified\":\"2025-10-02T12:49:34+00:00\",\"breadcrumb\":{\"@id\":\"https:\/\/www.fehling.de\/en\/product\/ulz-handlebar-750-mm-wide\/#breadcrumb\"},\"inLanguage\":\"en-US\",\"potentialAction\":[{\"@type\":\"ReadAction\",\"target\":[\"https:\/\/www.fehling.de\/en\/product\/ulz-handlebar-750-mm-wide\/\"]}]},{\"@type\":\"ImageObject\",\"inLanguage\":\"en-US\",\"@id\":\"https:\/\/www.fehling.de\/en\/product\/ulz-handlebar-750-mm-wide\/#primaryimage\",\"url\":\"https:\/\/www.fehling.de\/wp-content\/uploads\/2022\/07\/7803.jpg\",\"contentUrl\":\"https:\/\/www.fehling.de\/wp-content\/uploads\/2022\/07\/7803.jpg\",\"width\":1890,\"height\":904,\"caption\":\"Chrome motorcycle handlebars with a unique design featuring two upward curves.\"},{\"@type\":\"BreadcrumbList\",\"@id\":\"https:\/\/www.fehling.de\/en\/product\/ulz-handlebar-750-mm-wide\/#breadcrumb\",\"itemListElement\":[{\"@type\":\"ListItem\",\"position\":1,\"name\":\"Home\",\"item\":\"https:\/\/www.fehling.de\/en\/\"},{\"@type\":\"ListItem\",\"position\":2,\"name\":\"Shop\",\"item\":\"https:\/\/www.fehling.de\/shop\/\"},{\"@type\":\"ListItem\",\"position\":3,\"name\":\"ULZ Handlebar 750 mm wide\"}]},{\"@type\":\"WebSite\",\"@id\":\"https:\/\/www.fehling.de\/en\/#website\",\"url\":\"https:\/\/www.fehling.de\/en\/\",\"name\":\"Fehling\",\"description\":\"Wir fertigen Motorradlenker, Schutzb\u00fcgel, Gep\u00e4ck- und Koffertr\u00e4ger, Motorradkoffer, R\u00fcckenst\u00fctzen (Sissy Bars), Packtaschenb\u00fcgel, Rearracks, K\u00fchlergrills und anderes Chromzubeh\u00f6r aus Stahlrohr\",\"publisher\":{\"@id\":\"https:\/\/www.fehling.de\/en\/#organization\"},\"potentialAction\":[{\"@type\":\"SearchAction\",\"target\":{\"@type\":\"EntryPoint\",\"urlTemplate\":\"https:\/\/www.fehling.de\/en\/?s={search_term_string}\"},\"query-input\":{\"@type\":\"PropertyValueSpecification\",\"valueRequired\":true,\"valueName\":\"search_term_string\"}}],\"inLanguage\":\"en-US\"},{\"@type\":\"Organization\",\"@id\":\"https:\/\/www.fehling.de\/en\/#organization\",\"name\":\"Fehling\",\"url\":\"https:\/\/www.fehling.de\/en\/\",\"logo\":{\"@type\":\"ImageObject\",\"inLanguage\":\"en-US\",\"@id\":\"https:\/\/www.fehling.de\/en\/#\/schema\/logo\/image\/\",\"url\":\"https:\/\/www.fehling.de\/wp-content\/uploads\/2021\/02\/fehling-logo.png\",\"contentUrl\":\"https:\/\/www.fehling.de\/wp-content\/uploads\/2021\/02\/fehling-logo.png\",\"width\":428,\"height\":69,\"caption\":\"Fehling\"},\"image\":{\"@id\":\"https:\/\/www.fehling.de\/en\/#\/schema\/logo\/image\/\"}}]}<\/script>\n<!-- \/ Yoast SEO plugin. -->","yoast_head_json":{"title":"ULZ Handlebar 750 mm wide - Fehling","robots":{"index":"index","follow":"follow","max-snippet":"max-snippet:-1","max-image-preview":"max-image-preview:large","max-video-preview":"max-video-preview:-1"},"canonical":"https:\/\/www.fehling.de\/en\/product\/ulz-handlebar-750-mm-wide\/","og_locale":"en_US","og_type":"article","og_title":"ULZ Handlebar 750 mm wide - Fehling","og_description":"&nbsp; &nbsp; Technical dimensions: Measured with handlebars in vertical position","og_url":"https:\/\/www.fehling.de\/en\/product\/ulz-handlebar-750-mm-wide\/","og_site_name":"Fehling","article_modified_time":"2025-10-02T12:49:34+00:00","og_image":[{"width":1890,"height":904,"url":"https:\/\/www.fehling.de\/wp-content\/uploads\/2022\/07\/7803.jpg","type":"image\/jpeg"}],"twitter_card":"summary_large_image","twitter_misc":{"Est. reading time":"2 minutes"},"schema":{"@context":"https:\/\/schema.org","@graph":[{"@type":"WebPage","@id":"https:\/\/www.fehling.de\/en\/product\/ulz-handlebar-750-mm-wide\/","url":"https:\/\/www.fehling.de\/en\/product\/ulz-handlebar-750-mm-wide\/","name":"ULZ Handlebar 750 mm wide - Fehling","isPartOf":{"@id":"https:\/\/www.fehling.de\/en\/#website"},"primaryImageOfPage":{"@id":"https:\/\/www.fehling.de\/en\/product\/ulz-handlebar-750-mm-wide\/#primaryimage"},"image":{"@id":"https:\/\/www.fehling.de\/en\/product\/ulz-handlebar-750-mm-wide\/#primaryimage"},"thumbnailUrl":"https:\/\/www.fehling.de\/wp-content\/uploads\/2022\/07\/7803.jpg","datePublished":"2022-07-25T15:06:17+00:00","dateModified":"2025-10-02T12:49:34+00:00","breadcrumb":{"@id":"https:\/\/www.fehling.de\/en\/product\/ulz-handlebar-750-mm-wide\/#breadcrumb"},"inLanguage":"en-US","potentialAction":[{"@type":"ReadAction","target":["https:\/\/www.fehling.de\/en\/product\/ulz-handlebar-750-mm-wide\/"]}]},{"@type":"ImageObject","inLanguage":"en-US","@id":"https:\/\/www.fehling.de\/en\/product\/ulz-handlebar-750-mm-wide\/#primaryimage","url":"https:\/\/www.fehling.de\/wp-content\/uploads\/2022\/07\/7803.jpg","contentUrl":"https:\/\/www.fehling.de\/wp-content\/uploads\/2022\/07\/7803.jpg","width":1890,"height":904,"caption":"Chrome motorcycle handlebars with a unique design featuring two upward curves."},{"@type":"BreadcrumbList","@id":"https:\/\/www.fehling.de\/en\/product\/ulz-handlebar-750-mm-wide\/#breadcrumb","itemListElement":[{"@type":"ListItem","position":1,"name":"Home","item":"https:\/\/www.fehling.de\/en\/"},{"@type":"ListItem","position":2,"name":"Shop","item":"https:\/\/www.fehling.de\/shop\/"},{"@type":"ListItem","position":3,"name":"ULZ Handlebar 750 mm wide"}]},{"@type":"WebSite","@id":"https:\/\/www.fehling.de\/en\/#website","url":"https:\/\/www.fehling.de\/en\/","name":"Fehling","description":"Wir fertigen Motorradlenker, Schutzb\u00fcgel, Gep\u00e4ck- und Koffertr\u00e4ger, Motorradkoffer, R\u00fcckenst\u00fctzen (Sissy Bars), Packtaschenb\u00fcgel, Rearracks, K\u00fchlergrills und anderes Chromzubeh\u00f6r aus Stahlrohr","publisher":{"@id":"https:\/\/www.fehling.de\/en\/#organization"},"potentialAction":[{"@type":"SearchAction","target":{"@type":"EntryPoint","urlTemplate":"https:\/\/www.fehling.de\/en\/?s={search_term_string}"},"query-input":{"@type":"PropertyValueSpecification","valueRequired":true,"valueName":"search_term_string"}}],"inLanguage":"en-US"},{"@type":"Organization","@id":"https:\/\/www.fehling.de\/en\/#organization","name":"Fehling","url":"https:\/\/www.fehling.de\/en\/","logo":{"@type":"ImageObject","inLanguage":"en-US","@id":"https:\/\/www.fehling.de\/en\/#\/schema\/logo\/image\/","url":"https:\/\/www.fehling.de\/wp-content\/uploads\/2021\/02\/fehling-logo.png","contentUrl":"https:\/\/www.fehling.de\/wp-content\/uploads\/2021\/02\/fehling-logo.png","width":428,"height":69,"caption":"Fehling"},"image":{"@id":"https:\/\/www.fehling.de\/en\/#\/schema\/logo\/image\/"}}]}},"_links":{"self":[{"href":"https:\/\/www.fehling.de\/en\/wp-json\/wp\/v2\/product\/5427","targetHints":{"allow":["GET"]}}],"collection":[{"href":"https:\/\/www.fehling.de\/en\/wp-json\/wp\/v2\/product"}],"about":[{"href":"https:\/\/www.fehling.de\/en\/wp-json\/wp\/v2\/types\/product"}],"wp:featuredmedia":[{"embeddable":true,"href":"https:\/\/www.fehling.de\/en\/wp-json\/wp\/v2\/media\/3839"}],"wp:attachment":[{"href":"https:\/\/www.fehling.de\/en\/wp-json\/wp\/v2\/media?parent=5427"}],"wp:term":[{"taxonomy":"product_brand","embeddable":true,"href":"https:\/\/www.fehling.de\/en\/wp-json\/wp\/v2\/product_brand?post=5427"},{"taxonomy":"product_cat","embeddable":true,"href":"https:\/\/www.fehling.de\/en\/wp-json\/wp\/v2\/product_cat?post=5427"},{"taxonomy":"product_tag","embeddable":true,"href":"https:\/\/www.fehling.de\/en\/wp-json\/wp\/v2\/product_tag?post=5427"}],"curies":[{"name":"wp","href":"https:\/\/api.w.org\/{rel}","templated":true}]}}