{"id":5456,"date":"2022-07-25T17:06:39","date_gmt":"2022-07-25T15:06:39","guid":{"rendered":"https:\/\/www.fehling.de\/produkt\/rearrack-for-hd-flstf-fat-boy-2\/"},"modified":"2025-10-02T14:47:57","modified_gmt":"2025-10-02T12:47:57","slug":"rearrack-for-hd-flstf-fat-boy-2","status":"publish","type":"product","link":"https:\/\/www.fehling.de\/en\/product\/rearrack-for-hd-flstf-fat-boy-2\/","title":{"rendered":"Rearrack for HD FLSTF Fat Boy"},"content":{"rendered":"<p><a class=\"inhalt-pdflinks\" href=\"https:\/\/www.fehling-ftp.de\/mail\/shop\/sa\/7860_sa_e.pdf\" target=\"_blank\" rel=\"noopener\"><img class=\"lazyload\" decoding=\"async\" src=\"data:image\/gif;base64,R0lGODlhAQABAAAAACH5BAEKAAEALAAAAAABAAEAAAICTAEAOw==\" data-orig-src=\"\/wp-content\/uploads\/2022\/04\/anlage.gif\" \/> Parts list and mounting instruction<\/a><\/p>\n","protected":false},"excerpt":{"rendered":"<p>Parts list and mounting instruction<\/p>\n","protected":false},"featured_media":3926,"template":"","meta":{"_acf_changed":false},"product_brand":[],"product_cat":[446,434],"product_tag":[],"class_list":{"0":"post-5456","1":"product","2":"type-product","3":"status-publish","4":"has-post-thumbnail","6":"product_cat-for-harley-davidson-softail-twin-cam-96b-fat-boy-flstf-flstfi-2007-2011-and-2012-2017","7":"product_cat-harley-davidson-en","9":"first","10":"instock","11":"taxable","12":"shipping-taxable","13":"purchasable","14":"product-type-simple"},"acf":[],"yoast_head":"<!-- This site is optimized with the Yoast SEO plugin v27.3 - https:\/\/yoast.com\/product\/yoast-seo-wordpress\/ -->\n<title>Rearrack for HD FLSTF Fat Boy - Fehling<\/title>\n<meta name=\"robots\" content=\"index, follow, max-snippet:-1, max-image-preview:large, max-video-preview:-1\" \/>\n<link rel=\"canonical\" href=\"https:\/\/www.fehling.de\/en\/product\/rearrack-for-hd-flstf-fat-boy-2\/\" \/>\n<meta property=\"og:locale\" content=\"en_US\" \/>\n<meta property=\"og:type\" content=\"article\" \/>\n<meta property=\"og:title\" content=\"Rearrack for HD FLSTF Fat Boy - Fehling\" \/>\n<meta property=\"og:description\" content=\"Parts list and mounting instruction\" \/>\n<meta property=\"og:url\" content=\"https:\/\/www.fehling.de\/en\/product\/rearrack-for-hd-flstf-fat-boy-2\/\" \/>\n<meta property=\"og:site_name\" content=\"Fehling\" \/>\n<meta property=\"article:modified_time\" content=\"2025-10-02T12:47:57+00:00\" \/>\n<meta property=\"og:image\" content=\"https:\/\/www.fehling.de\/wp-content\/uploads\/2022\/07\/7860.jpg\" \/>\n\t<meta property=\"og:image:width\" content=\"1890\" \/>\n\t<meta property=\"og:image:height\" content=\"1417\" \/>\n\t<meta property=\"og:image:type\" content=\"image\/jpeg\" \/>\n<meta name=\"twitter:card\" content=\"summary_large_image\" \/>\n<meta name=\"twitter:label1\" content=\"Est. reading time\" \/>\n\t<meta name=\"twitter:data1\" content=\"1 minute\" \/>\n<script type=\"application\/ld+json\" class=\"yoast-schema-graph\">{\"@context\":\"https:\\\/\\\/schema.org\",\"@graph\":[{\"@type\":\"WebPage\",\"@id\":\"https:\\\/\\\/www.fehling.de\\\/en\\\/product\\\/rearrack-for-hd-flstf-fat-boy-2\\\/\",\"url\":\"https:\\\/\\\/www.fehling.de\\\/en\\\/product\\\/rearrack-for-hd-flstf-fat-boy-2\\\/\",\"name\":\"Rearrack for HD FLSTF Fat Boy - Fehling\",\"isPartOf\":{\"@id\":\"https:\\\/\\\/www.fehling.de\\\/en\\\/#website\"},\"primaryImageOfPage\":{\"@id\":\"https:\\\/\\\/www.fehling.de\\\/en\\\/product\\\/rearrack-for-hd-flstf-fat-boy-2\\\/#primaryimage\"},\"image\":{\"@id\":\"https:\\\/\\\/www.fehling.de\\\/en\\\/product\\\/rearrack-for-hd-flstf-fat-boy-2\\\/#primaryimage\"},\"thumbnailUrl\":\"https:\\\/\\\/www.fehling.de\\\/wp-content\\\/uploads\\\/2022\\\/07\\\/7860.jpg\",\"datePublished\":\"2022-07-25T15:06:39+00:00\",\"dateModified\":\"2025-10-02T12:47:57+00:00\",\"breadcrumb\":{\"@id\":\"https:\\\/\\\/www.fehling.de\\\/en\\\/product\\\/rearrack-for-hd-flstf-fat-boy-2\\\/#breadcrumb\"},\"inLanguage\":\"en-US\",\"potentialAction\":[{\"@type\":\"ReadAction\",\"target\":[\"https:\\\/\\\/www.fehling.de\\\/en\\\/product\\\/rearrack-for-hd-flstf-fat-boy-2\\\/\"]}]},{\"@type\":\"ImageObject\",\"inLanguage\":\"en-US\",\"@id\":\"https:\\\/\\\/www.fehling.de\\\/en\\\/product\\\/rearrack-for-hd-flstf-fat-boy-2\\\/#primaryimage\",\"url\":\"https:\\\/\\\/www.fehling.de\\\/wp-content\\\/uploads\\\/2022\\\/07\\\/7860.jpg\",\"contentUrl\":\"https:\\\/\\\/www.fehling.de\\\/wp-content\\\/uploads\\\/2022\\\/07\\\/7860.jpg\",\"width\":1890,\"height\":1417,\"caption\":\"Black metal rear luggage rack mounted on a motorcycle seat.\"},{\"@type\":\"BreadcrumbList\",\"@id\":\"https:\\\/\\\/www.fehling.de\\\/en\\\/product\\\/rearrack-for-hd-flstf-fat-boy-2\\\/#breadcrumb\",\"itemListElement\":[{\"@type\":\"ListItem\",\"position\":1,\"name\":\"Home\",\"item\":\"https:\\\/\\\/www.fehling.de\\\/en\\\/\"},{\"@type\":\"ListItem\",\"position\":2,\"name\":\"Shop\",\"item\":\"https:\\\/\\\/www.fehling.de\\\/shop\\\/\"},{\"@type\":\"ListItem\",\"position\":3,\"name\":\"Rearrack for HD FLSTF Fat Boy\"}]},{\"@type\":\"WebSite\",\"@id\":\"https:\\\/\\\/www.fehling.de\\\/en\\\/#website\",\"url\":\"https:\\\/\\\/www.fehling.de\\\/en\\\/\",\"name\":\"Fehling\",\"description\":\"Wir fertigen Motorradlenker, Schutzb\u00fcgel, Gep\u00e4ck- und Koffertr\u00e4ger, Motorradkoffer, R\u00fcckenst\u00fctzen (Sissy Bars), Packtaschenb\u00fcgel, Rearracks, K\u00fchlergrills und anderes Chromzubeh\u00f6r aus Stahlrohr\",\"publisher\":{\"@id\":\"https:\\\/\\\/www.fehling.de\\\/en\\\/#organization\"},\"potentialAction\":[{\"@type\":\"SearchAction\",\"target\":{\"@type\":\"EntryPoint\",\"urlTemplate\":\"https:\\\/\\\/www.fehling.de\\\/en\\\/?s={search_term_string}\"},\"query-input\":{\"@type\":\"PropertyValueSpecification\",\"valueRequired\":true,\"valueName\":\"search_term_string\"}}],\"inLanguage\":\"en-US\"},{\"@type\":\"Organization\",\"@id\":\"https:\\\/\\\/www.fehling.de\\\/en\\\/#organization\",\"name\":\"Fehling\",\"url\":\"https:\\\/\\\/www.fehling.de\\\/en\\\/\",\"logo\":{\"@type\":\"ImageObject\",\"inLanguage\":\"en-US\",\"@id\":\"https:\\\/\\\/www.fehling.de\\\/en\\\/#\\\/schema\\\/logo\\\/image\\\/\",\"url\":\"https:\\\/\\\/www.fehling.de\\\/wp-content\\\/uploads\\\/2021\\\/02\\\/fehling-logo.png\",\"contentUrl\":\"https:\\\/\\\/www.fehling.de\\\/wp-content\\\/uploads\\\/2021\\\/02\\\/fehling-logo.png\",\"width\":428,\"height\":69,\"caption\":\"Fehling\"},\"image\":{\"@id\":\"https:\\\/\\\/www.fehling.de\\\/en\\\/#\\\/schema\\\/logo\\\/image\\\/\"}}]}<\/script>\n<!-- \/ Yoast SEO plugin. -->","yoast_head_json":{"title":"Rearrack for HD FLSTF Fat Boy - Fehling","robots":{"index":"index","follow":"follow","max-snippet":"max-snippet:-1","max-image-preview":"max-image-preview:large","max-video-preview":"max-video-preview:-1"},"canonical":"https:\/\/www.fehling.de\/en\/product\/rearrack-for-hd-flstf-fat-boy-2\/","og_locale":"en_US","og_type":"article","og_title":"Rearrack for HD FLSTF Fat Boy - Fehling","og_description":"Parts list and mounting instruction","og_url":"https:\/\/www.fehling.de\/en\/product\/rearrack-for-hd-flstf-fat-boy-2\/","og_site_name":"Fehling","article_modified_time":"2025-10-02T12:47:57+00:00","og_image":[{"width":1890,"height":1417,"url":"https:\/\/www.fehling.de\/wp-content\/uploads\/2022\/07\/7860.jpg","type":"image\/jpeg"}],"twitter_card":"summary_large_image","twitter_misc":{"Est. reading time":"1 minute"},"schema":{"@context":"https:\/\/schema.org","@graph":[{"@type":"WebPage","@id":"https:\/\/www.fehling.de\/en\/product\/rearrack-for-hd-flstf-fat-boy-2\/","url":"https:\/\/www.fehling.de\/en\/product\/rearrack-for-hd-flstf-fat-boy-2\/","name":"Rearrack for HD FLSTF Fat Boy - Fehling","isPartOf":{"@id":"https:\/\/www.fehling.de\/en\/#website"},"primaryImageOfPage":{"@id":"https:\/\/www.fehling.de\/en\/product\/rearrack-for-hd-flstf-fat-boy-2\/#primaryimage"},"image":{"@id":"https:\/\/www.fehling.de\/en\/product\/rearrack-for-hd-flstf-fat-boy-2\/#primaryimage"},"thumbnailUrl":"https:\/\/www.fehling.de\/wp-content\/uploads\/2022\/07\/7860.jpg","datePublished":"2022-07-25T15:06:39+00:00","dateModified":"2025-10-02T12:47:57+00:00","breadcrumb":{"@id":"https:\/\/www.fehling.de\/en\/product\/rearrack-for-hd-flstf-fat-boy-2\/#breadcrumb"},"inLanguage":"en-US","potentialAction":[{"@type":"ReadAction","target":["https:\/\/www.fehling.de\/en\/product\/rearrack-for-hd-flstf-fat-boy-2\/"]}]},{"@type":"ImageObject","inLanguage":"en-US","@id":"https:\/\/www.fehling.de\/en\/product\/rearrack-for-hd-flstf-fat-boy-2\/#primaryimage","url":"https:\/\/www.fehling.de\/wp-content\/uploads\/2022\/07\/7860.jpg","contentUrl":"https:\/\/www.fehling.de\/wp-content\/uploads\/2022\/07\/7860.jpg","width":1890,"height":1417,"caption":"Black metal rear luggage rack mounted on a motorcycle seat."},{"@type":"BreadcrumbList","@id":"https:\/\/www.fehling.de\/en\/product\/rearrack-for-hd-flstf-fat-boy-2\/#breadcrumb","itemListElement":[{"@type":"ListItem","position":1,"name":"Home","item":"https:\/\/www.fehling.de\/en\/"},{"@type":"ListItem","position":2,"name":"Shop","item":"https:\/\/www.fehling.de\/shop\/"},{"@type":"ListItem","position":3,"name":"Rearrack for HD FLSTF Fat Boy"}]},{"@type":"WebSite","@id":"https:\/\/www.fehling.de\/en\/#website","url":"https:\/\/www.fehling.de\/en\/","name":"Fehling","description":"Wir fertigen Motorradlenker, Schutzb\u00fcgel, Gep\u00e4ck- und Koffertr\u00e4ger, Motorradkoffer, R\u00fcckenst\u00fctzen (Sissy Bars), Packtaschenb\u00fcgel, Rearracks, K\u00fchlergrills und anderes Chromzubeh\u00f6r aus Stahlrohr","publisher":{"@id":"https:\/\/www.fehling.de\/en\/#organization"},"potentialAction":[{"@type":"SearchAction","target":{"@type":"EntryPoint","urlTemplate":"https:\/\/www.fehling.de\/en\/?s={search_term_string}"},"query-input":{"@type":"PropertyValueSpecification","valueRequired":true,"valueName":"search_term_string"}}],"inLanguage":"en-US"},{"@type":"Organization","@id":"https:\/\/www.fehling.de\/en\/#organization","name":"Fehling","url":"https:\/\/www.fehling.de\/en\/","logo":{"@type":"ImageObject","inLanguage":"en-US","@id":"https:\/\/www.fehling.de\/en\/#\/schema\/logo\/image\/","url":"https:\/\/www.fehling.de\/wp-content\/uploads\/2021\/02\/fehling-logo.png","contentUrl":"https:\/\/www.fehling.de\/wp-content\/uploads\/2021\/02\/fehling-logo.png","width":428,"height":69,"caption":"Fehling"},"image":{"@id":"https:\/\/www.fehling.de\/en\/#\/schema\/logo\/image\/"}}]}},"_links":{"self":[{"href":"https:\/\/www.fehling.de\/en\/wp-json\/wp\/v2\/product\/5456","targetHints":{"allow":["GET"]}}],"collection":[{"href":"https:\/\/www.fehling.de\/en\/wp-json\/wp\/v2\/product"}],"about":[{"href":"https:\/\/www.fehling.de\/en\/wp-json\/wp\/v2\/types\/product"}],"wp:featuredmedia":[{"embeddable":true,"href":"https:\/\/www.fehling.de\/en\/wp-json\/wp\/v2\/media\/3926"}],"wp:attachment":[{"href":"https:\/\/www.fehling.de\/en\/wp-json\/wp\/v2\/media?parent=5456"}],"wp:term":[{"taxonomy":"product_brand","embeddable":true,"href":"https:\/\/www.fehling.de\/en\/wp-json\/wp\/v2\/product_brand?post=5456"},{"taxonomy":"product_cat","embeddable":true,"href":"https:\/\/www.fehling.de\/en\/wp-json\/wp\/v2\/product_cat?post=5456"},{"taxonomy":"product_tag","embeddable":true,"href":"https:\/\/www.fehling.de\/en\/wp-json\/wp\/v2\/product_tag?post=5456"}],"curies":[{"name":"wp","href":"https:\/\/api.w.org\/{rel}","templated":true}]}}